{"id":127,"date":"2021-01-15T16:46:06","date_gmt":"2021-01-15T16:46:06","guid":{"rendered":"https:\/\/www.csb-osb.org\/?page_id=127"},"modified":"2025-10-01T08:49:08","modified_gmt":"2025-10-01T08:49:08","slug":"nos-domaines-dintervention","status":"publish","type":"page","link":"https:\/\/www.saintbenoit-mayombe.org\/index.php\/nos-domaines-dintervention\/","title":{"rendered":"Nos domaines d&rsquo;intervention"},"content":{"rendered":"\n<ul id=\"block-7c3326c5-2407-4f48-a541-21335a42fc22\"><li>Cr\u00e9ation des \u00e9coles et des centres d&rsquo;apprentissages des m\u00e9tiers pour les jeunes en rupture scolaire<\/li><li>Apporter assistance multiforme aux enfants victimes de toute forme de violence et discrimination dans la soci\u00e9t\u00e9.<\/li><li>S&rsquo;occuper des enfants en rupture familiale et sociale<\/li><li>Promouvoir la jeune fille et lutter contre le mariage pr\u00e9coce<\/li><li>Assistance aux femmes seules en difficult\u00e9 dans le milieu rural<\/li><li>Prot\u00e9ger les enfants et lutter contre les maladies infantiles ainsi que la VIH\/SIDA\/IST<\/li><li>Revaloriser l&rsquo;agriculture, l&rsquo;\u00e9levage et la p\u00eache en vue de lutter contre la pauvret\u00e9<\/li><li>Assurer l&rsquo;\u00e9ducation, la formation et la r\u00e9insertion des jeunes dans la soci\u00e9t\u00e9 ou dans la communaut\u00e9<\/li><li>D\u00e9fendre le droits des personnes marginalis\u00e9es dans la soci\u00e9t\u00e9<\/li><li>Animer des conf\u00e9rences et la sensibilisation dans diff\u00e9rents domaines de la vie<\/li><li>Favoriser l&rsquo;entrepreneuriat en renfor\u00e7ant la capacit\u00e9, l&rsquo;auto-prise en charge des familles, la scolarit\u00e9 et l&rsquo;\u00e9pargne<\/li><li>Promouvoir le tourisme Nord-Sud afin de favoriser la solidarit\u00e9.<\/li><\/ul>\n","protected":false},"excerpt":{"rendered":"<p>Cr\u00e9ation des \u00e9coles et des centres d&rsquo;apprentissages des m\u00e9tiers pour les jeunes en rupture scolaire Apporter assistance multiforme aux enfants victimes de toute forme de violence et discrimination dans la soci\u00e9t\u00e9. S&rsquo;occuper des enfants en rupture familiale et sociale Promouvoir la jeune fille et lutter contre le mariage pr\u00e9coce Assistance aux femmes seules en difficult\u00e9 [&hellip;]<\/p>\n","protected":false},"author":1,"featured_media":0,"parent":0,"menu_order":0,"comment_status":"closed","ping_status":"closed","template":"","meta":[],"yoast_head":"<!-- This site is optimized with the Yoast SEO plugin v17.8 - https:\/\/yoast.com\/wordpress\/plugins\/seo\/ -->\n<title>Nos domaines d&#039;intervention - \u0152uvre Saint Benoit<\/title>\n<meta name=\"robots\" content=\"noindex, follow, max-snippet:-1, max-image-preview:large, max-video-preview:-1\" \/>\n<meta property=\"og:locale\" content=\"fr_FR\" \/>\n<meta property=\"og:type\" content=\"article\" \/>\n<meta property=\"og:title\" content=\"Nos domaines d&#039;intervention - \u0152uvre Saint Benoit\" \/>\n<meta property=\"og:description\" content=\"Cr\u00e9ation des \u00e9coles et des centres d&rsquo;apprentissages des m\u00e9tiers pour les jeunes en rupture scolaire Apporter assistance multiforme aux enfants victimes de toute forme de violence et discrimination dans la soci\u00e9t\u00e9. S&rsquo;occuper des enfants en rupture familiale et sociale Promouvoir la jeune fille et lutter contre le mariage pr\u00e9coce Assistance aux femmes seules en difficult\u00e9 [&hellip;]\" \/>\n<meta property=\"og:url\" content=\"https:\/\/www.saintbenoit-mayombe.org\/index.php\/nos-domaines-dintervention\/\" \/>\n<meta property=\"og:site_name\" content=\"\u0152uvre Saint Benoit\" \/>\n<meta property=\"article:modified_time\" content=\"2025-10-01T08:49:08+00:00\" \/>\n<meta name=\"twitter:card\" content=\"summary_large_image\" \/>\n<meta name=\"twitter:label1\" content=\"Dur\u00e9e de lecture estim\u00e9e\" \/>\n\t<meta name=\"twitter:data1\" content=\"1 minute\" \/>\n<script type=\"application\/ld+json\" class=\"yoast-schema-graph\">{\"@context\":\"https:\/\/schema.org\",\"@graph\":[{\"@type\":\"WebSite\",\"@id\":\"https:\/\/www.saintbenoit-mayombe.org\/#website\",\"url\":\"https:\/\/www.saintbenoit-mayombe.org\/\",\"name\":\"\\u0152uvre Saint Benoit\",\"description\":\"Pour le d\\u00e9veloppement de tout l&#039;homme\",\"potentialAction\":[{\"@type\":\"SearchAction\",\"target\":{\"@type\":\"EntryPoint\",\"urlTemplate\":\"https:\/\/www.saintbenoit-mayombe.org\/?s={search_term_string}\"},\"query-input\":\"required name=search_term_string\"}],\"inLanguage\":\"fr-FR\"},{\"@type\":\"WebPage\",\"@id\":\"https:\/\/www.saintbenoit-mayombe.org\/index.php\/nos-domaines-dintervention\/#webpage\",\"url\":\"https:\/\/www.saintbenoit-mayombe.org\/index.php\/nos-domaines-dintervention\/\",\"name\":\"Nos domaines d'intervention - \\u0152uvre Saint Benoit\",\"isPartOf\":{\"@id\":\"https:\/\/www.saintbenoit-mayombe.org\/#website\"},\"datePublished\":\"2021-01-15T16:46:06+00:00\",\"dateModified\":\"2025-10-01T08:49:08+00:00\",\"breadcrumb\":{\"@id\":\"https:\/\/www.saintbenoit-mayombe.org\/index.php\/nos-domaines-dintervention\/#breadcrumb\"},\"inLanguage\":\"fr-FR\",\"potentialAction\":[{\"@type\":\"ReadAction\",\"target\":[\"https:\/\/www.saintbenoit-mayombe.org\/index.php\/nos-domaines-dintervention\/\"]}]},{\"@type\":\"BreadcrumbList\",\"@id\":\"https:\/\/www.saintbenoit-mayombe.org\/index.php\/nos-domaines-dintervention\/#breadcrumb\",\"itemListElement\":[{\"@type\":\"ListItem\",\"position\":1,\"name\":\"Home\",\"item\":\"https:\/\/www.saintbenoit-mayombe.org\/\"},{\"@type\":\"ListItem\",\"position\":2,\"name\":\"Nos domaines d&rsquo;intervention\"}]}]}<\/script>\n<!-- \/ Yoast SEO plugin. -->","yoast_head_json":{"title":"Nos domaines d'intervention - \u0152uvre Saint Benoit","robots":{"index":"noindex","follow":"follow","max-snippet":"max-snippet:-1","max-image-preview":"max-image-preview:large","max-video-preview":"max-video-preview:-1"},"og_locale":"fr_FR","og_type":"article","og_title":"Nos domaines d'intervention - \u0152uvre Saint Benoit","og_description":"Cr\u00e9ation des \u00e9coles et des centres d&rsquo;apprentissages des m\u00e9tiers pour les jeunes en rupture scolaire Apporter assistance multiforme aux enfants victimes de toute forme de violence et discrimination dans la soci\u00e9t\u00e9. S&rsquo;occuper des enfants en rupture familiale et sociale Promouvoir la jeune fille et lutter contre le mariage pr\u00e9coce Assistance aux femmes seules en difficult\u00e9 [&hellip;]","og_url":"https:\/\/www.saintbenoit-mayombe.org\/index.php\/nos-domaines-dintervention\/","og_site_name":"\u0152uvre Saint Benoit","article_modified_time":"2025-10-01T08:49:08+00:00","twitter_card":"summary_large_image","twitter_misc":{"Dur\u00e9e de lecture estim\u00e9e":"1 minute"},"schema":{"@context":"https:\/\/schema.org","@graph":[{"@type":"WebSite","@id":"https:\/\/www.saintbenoit-mayombe.org\/#website","url":"https:\/\/www.saintbenoit-mayombe.org\/","name":"\u0152uvre Saint Benoit","description":"Pour le d\u00e9veloppement de tout l&#039;homme","potentialAction":[{"@type":"SearchAction","target":{"@type":"EntryPoint","urlTemplate":"https:\/\/www.saintbenoit-mayombe.org\/?s={search_term_string}"},"query-input":"required name=search_term_string"}],"inLanguage":"fr-FR"},{"@type":"WebPage","@id":"https:\/\/www.saintbenoit-mayombe.org\/index.php\/nos-domaines-dintervention\/#webpage","url":"https:\/\/www.saintbenoit-mayombe.org\/index.php\/nos-domaines-dintervention\/","name":"Nos domaines d'intervention - \u0152uvre Saint Benoit","isPartOf":{"@id":"https:\/\/www.saintbenoit-mayombe.org\/#website"},"datePublished":"2021-01-15T16:46:06+00:00","dateModified":"2025-10-01T08:49:08+00:00","breadcrumb":{"@id":"https:\/\/www.saintbenoit-mayombe.org\/index.php\/nos-domaines-dintervention\/#breadcrumb"},"inLanguage":"fr-FR","potentialAction":[{"@type":"ReadAction","target":["https:\/\/www.saintbenoit-mayombe.org\/index.php\/nos-domaines-dintervention\/"]}]},{"@type":"BreadcrumbList","@id":"https:\/\/www.saintbenoit-mayombe.org\/index.php\/nos-domaines-dintervention\/#breadcrumb","itemListElement":[{"@type":"ListItem","position":1,"name":"Home","item":"https:\/\/www.saintbenoit-mayombe.org\/"},{"@type":"ListItem","position":2,"name":"Nos domaines d&rsquo;intervention"}]}]}},"_links":{"self":[{"href":"https:\/\/www.saintbenoit-mayombe.org\/index.php\/wp-json\/wp\/v2\/pages\/127"}],"collection":[{"href":"https:\/\/www.saintbenoit-mayombe.org\/index.php\/wp-json\/wp\/v2\/pages"}],"about":[{"href":"https:\/\/www.saintbenoit-mayombe.org\/index.php\/wp-json\/wp\/v2\/types\/page"}],"author":[{"embeddable":true,"href":"https:\/\/www.saintbenoit-mayombe.org\/index.php\/wp-json\/wp\/v2\/users\/1"}],"replies":[{"embeddable":true,"href":"https:\/\/www.saintbenoit-mayombe.org\/index.php\/wp-json\/wp\/v2\/comments?post=127"}],"version-history":[{"count":2,"href":"https:\/\/www.saintbenoit-mayombe.org\/index.php\/wp-json\/wp\/v2\/pages\/127\/revisions"}],"predecessor-version":[{"id":921,"href":"https:\/\/www.saintbenoit-mayombe.org\/index.php\/wp-json\/wp\/v2\/pages\/127\/revisions\/921"}],"wp:attachment":[{"href":"https:\/\/www.saintbenoit-mayombe.org\/index.php\/wp-json\/wp\/v2\/media?parent=127"}],"curies":[{"name":"wp","href":"https:\/\/api.w.org\/{rel}","templated":true}]}}