{"id":23,"date":"2025-10-31T21:31:00","date_gmt":"2025-10-31T21:31:00","guid":{"rendered":"https:\/\/www.csb-osb.org\/?page_id=23"},"modified":"2025-11-08T10:09:12","modified_gmt":"2025-11-08T10:09:12","slug":"reboisement","status":"publish","type":"page","link":"https:\/\/www.saintbenoit-mayombe.org\/index.php\/reboisement\/","title":{"rendered":"Reboisement"},"content":{"rendered":"\n<p>\u00ab\u00a0Un arbre qui tombe fait plus de bruit que mille arbres qui poussent\u00a0\u00bb Proverbe africain.<\/p>\n\n\n\n<p>Outre l&rsquo;appel d&rsquo;urgence \u00e0 la pr\u00e9servation des for\u00eats en vue de contrer les effets de la pollution, d&rsquo;autres raisons ont pouss\u00e9 le monde \u00e0 s&rsquo;engager pour le climat. <\/p>\n\n\n\n<p>Dans notre cas, deux raisons ont milit\u00e9 \u00e0 un engagement dans la lutte pour le climat. il s&rsquo;agit de :<\/p>\n\n\n\n<ol><li>L&rsquo;appel vibrant du pape Fran\u00e7ois dans son encyclique Laudato sii<\/li><li>La d\u00e9forestation vertigineuse et sans merci m\u00eame des essences prot\u00e9g\u00e9es. <\/li><\/ol>\n\n\n\n<p>Sans plus attendre, notre association a d\u00fb ajouter dans ses objectifs cet aspect de l&rsquo;environnement, sp\u00e9cialement par la conservation des essences foresti\u00e8res en voie d&rsquo;extinction.<\/p>\n\n\n\n<p>L&rsquo;ann\u00e9e 2019 a connu le lancement des germoirs et p\u00e9pini\u00e8res. Tandis qu&rsquo;en 2021-2022, gr\u00e2ce \u00e0 l&rsquo;appui de la <strong>Fondation Roi Beaudouin<\/strong>, une association d&rsquo;envergure a d\u00e9marr\u00e9 associant essences foresti\u00e8res et arbres fruitiers (<a href=\"https:\/\/www.saintbenoit-mayombe.org\/index.php\/environnement\/pepinieres\/\" target=\"_blank\" rel=\"noreferrer noopener\">Nos p\u00e9pini\u00e8res<\/a>). Pendant 4 ans d&rsquo;exercice, nous travaillons avec des paysans et des agriculteurs aupr\u00e8s de qui nous d\u00e9ployons les plantules avec un quota de 25.000 plnatules l&rsquo;an. Cependant, vu le besoin et la demande, nous sommes d\u00e9j\u00e0 \u00e0 plus de 100.000 plantules fournies aux paysans. <\/p>\n\n\n\n<p>par ailleurs, au regard de la n\u00e9cessit\u00e9 de l&rsquo;heure, nous venons d&rsquo;initier un parc \u00e9cologique dont le but est de planter pour besoin de consommation toutes ces essences que nous venons de regrouper dans nos p\u00e9pini\u00e8res. Ledit parc est d\u00e9di\u00e9 \u00e0 l&rsquo;abb\u00e9 Jules GISNOT dans le but de perp\u00e9trer sa m\u00e9moire par rapport \u00e0 ses actions en faveur de l&rsquo;humanit\u00e9.<\/p>\n\n\n\n<p>Ci-dessous la liste des essences foresti\u00e8res \u00e0 planter dans le parc \u00e9cologique sans compter les arbres fruitiers. Les chercheurs et les \u00e9tudiants sont les bienvenus dans cet espace vert et attrayant. Merci surtout de contribuer \u00e0 la r\u00e9alisation de ce projet en faisant un don (<a href=\"https:\/\/www.saintbenoit-mayombe.org\/index.php\/nous-aider\/\">Nous aider<\/a>) \u00e0 l&rsquo;association Oeuvre Saint Beno\u00eet. <\/p>\n\n\n\n<p>Voici ci-dessous les essences foresti\u00e8res que nous avons dans nos p\u00e9pini\u00e8res (noms vernaculaire et scientifique) :<\/p>\n\n\n\n<ul><li>Nkula (Pterocarpus tinctorius)<\/li><li>Nsanu (Xylopia aethiopia)<\/li><li>Nkambala (Milicia excelsa)<\/li><li>Tola (Prioria balsamifera)<\/li><li>Nkazu-Khumbi (Carapa procera)<\/li><li>Mvovo (Entandrophragma angolense)<\/li><li>Tsani mbuaki (Aidia ochroleuca)<\/li><li>Tsani phembe (Aidia ochroleuca)<\/li><li>Nzuza (Pseudospondias microcarpa)<\/li><li>Nsafu kala (Dacryodes buettneri)<\/li><li>Nsunzu menga (Staudtia kamerunensis)<\/li><li>Limba (Terminalia superba)<\/li><li>Mvaza (Pentacletha macrophylla)<\/li><li>Nungu-tsendi (Zanthoxyllum gillettii)<\/li><li>Mfuta-mfuta (Trichoschypha acuminata)<\/li><li>Mbuba (Myriantus arboreus)<\/li><li>Mueba (Irvigea garbonensis)<\/li><li>Diboto (Anacardium occidentale)<\/li><li>Nkondo pfinda (Nesogodonia kabingaensis)<\/li><li>Nkumbi (Ficus mucuso)<\/li><li>Nkondo (Adansonia digitata)<\/li><li>Nkazu (Cola nitidia)<\/li><\/ul>\n","protected":false},"excerpt":{"rendered":"<p>\u00ab\u00a0Un arbre qui tombe fait plus de bruit que mille arbres qui poussent\u00a0\u00bb Proverbe africain. Outre l&rsquo;appel d&rsquo;urgence \u00e0 la pr\u00e9servation des for\u00eats en vue de contrer les effets de la pollution, d&rsquo;autres raisons ont pouss\u00e9 le monde \u00e0 s&rsquo;engager pour le climat. Dans notre cas, deux raisons ont milit\u00e9 \u00e0 un engagement dans la [&hellip;]<\/p>\n","protected":false},"author":1,"featured_media":0,"parent":0,"menu_order":0,"comment_status":"closed","ping_status":"closed","template":"","meta":[],"yoast_head":"<!-- This site is optimized with the Yoast SEO plugin v17.8 - https:\/\/yoast.com\/wordpress\/plugins\/seo\/ -->\n<title>Reboisement - \u0152uvre Saint Benoit<\/title>\n<meta name=\"robots\" content=\"noindex, follow, max-snippet:-1, max-image-preview:large, max-video-preview:-1\" \/>\n<meta property=\"og:locale\" content=\"fr_FR\" \/>\n<meta property=\"og:type\" content=\"article\" \/>\n<meta property=\"og:title\" content=\"OEUVRE SAINT Benoit\" \/>\n<meta property=\"og:description\" content=\"\u00ab\u00a0Un arbre qui tombe fait plus de bruit que mille arbres qui poussent\u00a0\u00bb Proverbe africain. Outre l&rsquo;appel d&rsquo;urgence \u00e0 la pr\u00e9servation des for\u00eats en vue de contrer les effets de la pollution, d&rsquo;autres raisons ont pouss\u00e9 le monde \u00e0 s&rsquo;engager pour le climat. Dans notre cas, deux raisons ont milit\u00e9 \u00e0 un engagement dans la [&hellip;]\" \/>\n<meta property=\"og:url\" content=\"https:\/\/www.saintbenoit-mayombe.org\/index.php\/reboisement\/\" \/>\n<meta property=\"og:site_name\" content=\"\u0152uvre Saint Benoit\" \/>\n<meta property=\"article:modified_time\" content=\"2025-11-08T10:09:12+00:00\" \/>\n<meta name=\"twitter:card\" content=\"summary_large_image\" \/>\n<meta name=\"twitter:label1\" content=\"Dur\u00e9e de lecture estim\u00e9e\" \/>\n\t<meta name=\"twitter:data1\" content=\"2 minutes\" \/>\n<script type=\"application\/ld+json\" class=\"yoast-schema-graph\">{\"@context\":\"https:\/\/schema.org\",\"@graph\":[{\"@type\":\"WebSite\",\"@id\":\"https:\/\/www.saintbenoit-mayombe.org\/#website\",\"url\":\"https:\/\/www.saintbenoit-mayombe.org\/\",\"name\":\"\\u0152uvre Saint Benoit\",\"description\":\"Pour le d\\u00e9veloppement de tout l&#039;homme\",\"potentialAction\":[{\"@type\":\"SearchAction\",\"target\":{\"@type\":\"EntryPoint\",\"urlTemplate\":\"https:\/\/www.saintbenoit-mayombe.org\/?s={search_term_string}\"},\"query-input\":\"required name=search_term_string\"}],\"inLanguage\":\"fr-FR\"},{\"@type\":\"WebPage\",\"@id\":\"https:\/\/www.saintbenoit-mayombe.org\/index.php\/reboisement\/#webpage\",\"url\":\"https:\/\/www.saintbenoit-mayombe.org\/index.php\/reboisement\/\",\"name\":\"Reboisement - \\u0152uvre Saint Benoit\",\"isPartOf\":{\"@id\":\"https:\/\/www.saintbenoit-mayombe.org\/#website\"},\"datePublished\":\"2025-10-31T21:31:00+00:00\",\"dateModified\":\"2025-11-08T10:09:12+00:00\",\"breadcrumb\":{\"@id\":\"https:\/\/www.saintbenoit-mayombe.org\/index.php\/reboisement\/#breadcrumb\"},\"inLanguage\":\"fr-FR\",\"potentialAction\":[{\"@type\":\"ReadAction\",\"target\":[\"https:\/\/www.saintbenoit-mayombe.org\/index.php\/reboisement\/\"]}]},{\"@type\":\"BreadcrumbList\",\"@id\":\"https:\/\/www.saintbenoit-mayombe.org\/index.php\/reboisement\/#breadcrumb\",\"itemListElement\":[{\"@type\":\"ListItem\",\"position\":1,\"name\":\"Home\",\"item\":\"https:\/\/www.saintbenoit-mayombe.org\/\"},{\"@type\":\"ListItem\",\"position\":2,\"name\":\"Reboisement\"}]}]}<\/script>\n<!-- \/ Yoast SEO plugin. -->","yoast_head_json":{"title":"Reboisement - \u0152uvre Saint Benoit","robots":{"index":"noindex","follow":"follow","max-snippet":"max-snippet:-1","max-image-preview":"max-image-preview:large","max-video-preview":"max-video-preview:-1"},"og_locale":"fr_FR","og_type":"article","og_title":"OEUVRE SAINT Benoit","og_description":"\u00ab\u00a0Un arbre qui tombe fait plus de bruit que mille arbres qui poussent\u00a0\u00bb Proverbe africain. Outre l&rsquo;appel d&rsquo;urgence \u00e0 la pr\u00e9servation des for\u00eats en vue de contrer les effets de la pollution, d&rsquo;autres raisons ont pouss\u00e9 le monde \u00e0 s&rsquo;engager pour le climat. Dans notre cas, deux raisons ont milit\u00e9 \u00e0 un engagement dans la [&hellip;]","og_url":"https:\/\/www.saintbenoit-mayombe.org\/index.php\/reboisement\/","og_site_name":"\u0152uvre Saint Benoit","article_modified_time":"2025-11-08T10:09:12+00:00","twitter_card":"summary_large_image","twitter_misc":{"Dur\u00e9e de lecture estim\u00e9e":"2 minutes"},"schema":{"@context":"https:\/\/schema.org","@graph":[{"@type":"WebSite","@id":"https:\/\/www.saintbenoit-mayombe.org\/#website","url":"https:\/\/www.saintbenoit-mayombe.org\/","name":"\u0152uvre Saint Benoit","description":"Pour le d\u00e9veloppement de tout l&#039;homme","potentialAction":[{"@type":"SearchAction","target":{"@type":"EntryPoint","urlTemplate":"https:\/\/www.saintbenoit-mayombe.org\/?s={search_term_string}"},"query-input":"required name=search_term_string"}],"inLanguage":"fr-FR"},{"@type":"WebPage","@id":"https:\/\/www.saintbenoit-mayombe.org\/index.php\/reboisement\/#webpage","url":"https:\/\/www.saintbenoit-mayombe.org\/index.php\/reboisement\/","name":"Reboisement - \u0152uvre Saint Benoit","isPartOf":{"@id":"https:\/\/www.saintbenoit-mayombe.org\/#website"},"datePublished":"2025-10-31T21:31:00+00:00","dateModified":"2025-11-08T10:09:12+00:00","breadcrumb":{"@id":"https:\/\/www.saintbenoit-mayombe.org\/index.php\/reboisement\/#breadcrumb"},"inLanguage":"fr-FR","potentialAction":[{"@type":"ReadAction","target":["https:\/\/www.saintbenoit-mayombe.org\/index.php\/reboisement\/"]}]},{"@type":"BreadcrumbList","@id":"https:\/\/www.saintbenoit-mayombe.org\/index.php\/reboisement\/#breadcrumb","itemListElement":[{"@type":"ListItem","position":1,"name":"Home","item":"https:\/\/www.saintbenoit-mayombe.org\/"},{"@type":"ListItem","position":2,"name":"Reboisement"}]}]}},"_links":{"self":[{"href":"https:\/\/www.saintbenoit-mayombe.org\/index.php\/wp-json\/wp\/v2\/pages\/23"}],"collection":[{"href":"https:\/\/www.saintbenoit-mayombe.org\/index.php\/wp-json\/wp\/v2\/pages"}],"about":[{"href":"https:\/\/www.saintbenoit-mayombe.org\/index.php\/wp-json\/wp\/v2\/types\/page"}],"author":[{"embeddable":true,"href":"https:\/\/www.saintbenoit-mayombe.org\/index.php\/wp-json\/wp\/v2\/users\/1"}],"replies":[{"embeddable":true,"href":"https:\/\/www.saintbenoit-mayombe.org\/index.php\/wp-json\/wp\/v2\/comments?post=23"}],"version-history":[{"count":7,"href":"https:\/\/www.saintbenoit-mayombe.org\/index.php\/wp-json\/wp\/v2\/pages\/23\/revisions"}],"predecessor-version":[{"id":965,"href":"https:\/\/www.saintbenoit-mayombe.org\/index.php\/wp-json\/wp\/v2\/pages\/23\/revisions\/965"}],"wp:attachment":[{"href":"https:\/\/www.saintbenoit-mayombe.org\/index.php\/wp-json\/wp\/v2\/media?parent=23"}],"curies":[{"name":"wp","href":"https:\/\/api.w.org\/{rel}","templated":true}]}}