{"id":248,"date":"2021-03-16T15:54:15","date_gmt":"2021-03-16T15:54:15","guid":{"rendered":"https:\/\/www.csb-osb.org\/?page_id=248"},"modified":"2022-02-21T22:27:47","modified_gmt":"2022-02-21T22:27:47","slug":"environnement-et-agriculture","status":"publish","type":"page","link":"https:\/\/www.saintbenoit-mayombe.org\/index.php\/environnement\/environnement-et-agriculture\/","title":{"rendered":"Agriculture"},"content":{"rendered":"\n<p><strong>Une plantation de deux hectares de cacaoyer \u00e0 la paroisse de Saint Joseph de kidima avec le reboisement des essences foresti\u00e8res en voie de disparition qui servira de plantes de couverture.<\/strong><\/p>\n\n\n\n<figure class=\"wp-block-gallery has-nested-images columns-default is-cropped\">\n<figure class=\"wp-block-image size-large\"><img  title=\"\" loading=\"lazy\" width=\"1024\" height=\"768\" data-id=\"280\"  src=\"https:\/\/www.saintbenoit-mayombe.org\/wp-content\/uploads\/2021\/03\/SAM_2685-1024x768.jpg\"  alt=\"SAM_2685-1024x768 Agriculture\"  class=\"wp-image-280\" srcset=\"https:\/\/www.saintbenoit-mayombe.org\/wp-content\/uploads\/2021\/03\/SAM_2685-1024x768.jpg 1024w, https:\/\/www.saintbenoit-mayombe.org\/wp-content\/uploads\/2021\/03\/SAM_2685-300x225.jpg 300w, https:\/\/www.saintbenoit-mayombe.org\/wp-content\/uploads\/2021\/03\/SAM_2685-768x576.jpg 768w, https:\/\/www.saintbenoit-mayombe.org\/wp-content\/uploads\/2021\/03\/SAM_2685-1536x1152.jpg 1536w, https:\/\/www.saintbenoit-mayombe.org\/wp-content\/uploads\/2021\/03\/SAM_2685-2048x1536.jpg 2048w\" sizes=\"(max-width: 1024px) 100vw, 1024px\" \/><figcaption><strong><span class=\"has-inline-color has-luminous-vivid-orange-color\">Une plantation de Cacaoyer \u00e0 KIDIMA\/LEMBA\/KONGO CENTRAL &#8211; RDC<\/span><\/strong><\/figcaption><\/figure>\n<figcaption class=\"blocks-gallery-caption\"><br><strong><span class=\"has-inline-color has-vivid-cyan-blue-color\">&nbsp;SUIVI DES TRAVAUX DE LA CULTURE DU CACAOYER <\/span><\/strong><br>Comme toute culture, l\u2019entretien est incontournable, ici, c\u2019est le sarclage de la plantation pour permettre une bonne croissance de la plante.<\/figcaption><\/figure>\n\n\n\n<figure class=\"wp-block-gallery has-nested-images columns-default is-cropped\">\n<figure class=\"wp-block-image size-large\"><img  title=\"\" loading=\"lazy\" width=\"768\" height=\"1024\" data-id=\"438\"  src=\"https:\/\/www.saintbenoit-mayombe.org\/wp-content\/uploads\/2021\/05\/IMG-20210530-WA0007-768x1024.jpg\"  alt=\"IMG-20210530-WA0007-768x1024 Agriculture\"  class=\"wp-image-438\" srcset=\"https:\/\/www.saintbenoit-mayombe.org\/wp-content\/uploads\/2021\/05\/IMG-20210530-WA0007-768x1024.jpg 768w, https:\/\/www.saintbenoit-mayombe.org\/wp-content\/uploads\/2021\/05\/IMG-20210530-WA0007-225x300.jpg 225w, https:\/\/www.saintbenoit-mayombe.org\/wp-content\/uploads\/2021\/05\/IMG-20210530-WA0007.jpg 780w\" sizes=\"(max-width: 768px) 100vw, 768px\" \/><\/figure>\n\n\n\n<figure class=\"wp-block-image size-large\"><img  title=\"\" loading=\"lazy\" width=\"768\" height=\"1024\" data-id=\"439\"  src=\"https:\/\/www.saintbenoit-mayombe.org\/wp-content\/uploads\/2021\/05\/IMG-20210530-WA0008-768x1024.jpg\"  alt=\"IMG-20210530-WA0008-768x1024 Agriculture\"  class=\"wp-image-439\" srcset=\"https:\/\/www.saintbenoit-mayombe.org\/wp-content\/uploads\/2021\/05\/IMG-20210530-WA0008-768x1024.jpg 768w, https:\/\/www.saintbenoit-mayombe.org\/wp-content\/uploads\/2021\/05\/IMG-20210530-WA0008-225x300.jpg 225w, https:\/\/www.saintbenoit-mayombe.org\/wp-content\/uploads\/2021\/05\/IMG-20210530-WA0008.jpg 780w\" sizes=\"(max-width: 768px) 100vw, 768px\" \/><\/figure>\n\n\n\n<figure class=\"wp-block-image size-large\"><img  title=\"\" loading=\"lazy\" width=\"768\" height=\"1024\" data-id=\"440\"  src=\"https:\/\/www.saintbenoit-mayombe.org\/wp-content\/uploads\/2021\/05\/IMG-20210530-WA0009-768x1024.jpg\"  alt=\"IMG-20210530-WA0009-768x1024 Agriculture\"  class=\"wp-image-440\" srcset=\"https:\/\/www.saintbenoit-mayombe.org\/wp-content\/uploads\/2021\/05\/IMG-20210530-WA0009-768x1024.jpg 768w, https:\/\/www.saintbenoit-mayombe.org\/wp-content\/uploads\/2021\/05\/IMG-20210530-WA0009-225x300.jpg 225w, https:\/\/www.saintbenoit-mayombe.org\/wp-content\/uploads\/2021\/05\/IMG-20210530-WA0009.jpg 780w\" sizes=\"(max-width: 768px) 100vw, 768px\" \/><\/figure>\n<\/figure>\n\n\n\n<div class=\"wp-block-columns\">\n<div class=\"wp-block-column\">\n<figure class=\"wp-block-image size-large is-resized\"><img  title=\"\" loading=\"lazy\" src=\"https:\/\/www.saintbenoit-mayombe.org\/wp-content\/uploads\/2022\/02\/IMG-20220216-WA0007-1024x768.jpg\"  alt=\"IMG-20220216-WA0007-1024x768 Agriculture\"  class=\"wp-image-518\" width=\"399\" height=\"299\" srcset=\"https:\/\/www.saintbenoit-mayombe.org\/wp-content\/uploads\/2022\/02\/IMG-20220216-WA0007-1024x768.jpg 1024w, https:\/\/www.saintbenoit-mayombe.org\/wp-content\/uploads\/2022\/02\/IMG-20220216-WA0007-300x225.jpg 300w, https:\/\/www.saintbenoit-mayombe.org\/wp-content\/uploads\/2022\/02\/IMG-20220216-WA0007-768x576.jpg 768w, https:\/\/www.saintbenoit-mayombe.org\/wp-content\/uploads\/2022\/02\/IMG-20220216-WA0007.jpg 1040w\" sizes=\"(max-width: 399px) 100vw, 399px\" \/><\/figure>\n<\/div>\n\n\n\n<div class=\"wp-block-column\">\n<figure class=\"wp-block-image size-large is-resized\"><img  title=\"\" loading=\"lazy\" src=\"https:\/\/www.saintbenoit-mayombe.org\/wp-content\/uploads\/2022\/02\/IMG-20220216-WA0013-1024x768.jpg\"  alt=\"IMG-20220216-WA0013-1024x768 Agriculture\"  class=\"wp-image-519\" width=\"396\" height=\"298\" srcset=\"https:\/\/www.saintbenoit-mayombe.org\/wp-content\/uploads\/2022\/02\/IMG-20220216-WA0013-1024x768.jpg 1024w, https:\/\/www.saintbenoit-mayombe.org\/wp-content\/uploads\/2022\/02\/IMG-20220216-WA0013-300x225.jpg 300w, https:\/\/www.saintbenoit-mayombe.org\/wp-content\/uploads\/2022\/02\/IMG-20220216-WA0013-768x576.jpg 768w, https:\/\/www.saintbenoit-mayombe.org\/wp-content\/uploads\/2022\/02\/IMG-20220216-WA0013.jpg 1040w\" sizes=\"(max-width: 396px) 100vw, 396px\" \/><\/figure>\n<\/div>\n<\/div>\n\n\n\n<p><\/p>\n","protected":false},"excerpt":{"rendered":"<p>Une plantation de deux hectares de cacaoyer \u00e0 la paroisse de Saint Joseph de kidima avec le reboisement des essences foresti\u00e8res en voie de disparition qui servira de plantes de couverture.<\/p>\n","protected":false},"author":1,"featured_media":0,"parent":138,"menu_order":0,"comment_status":"closed","ping_status":"closed","template":"","meta":[],"yoast_head":"<!-- This site is optimized with the Yoast SEO plugin v17.8 - https:\/\/yoast.com\/wordpress\/plugins\/seo\/ -->\n<title>Agriculture - \u0152uvre Saint Benoit<\/title>\n<meta name=\"robots\" content=\"noindex, follow, max-snippet:-1, max-image-preview:large, max-video-preview:-1\" \/>\n<meta property=\"og:locale\" content=\"fr_FR\" \/>\n<meta property=\"og:type\" content=\"article\" \/>\n<meta property=\"og:title\" content=\"Agriculture - \u0152uvre Saint Benoit\" \/>\n<meta property=\"og:description\" content=\"Une plantation de deux hectares de cacaoyer \u00e0 la paroisse de Saint Joseph de kidima avec le reboisement des essences foresti\u00e8res en voie de disparition qui servira de plantes de couverture.\" \/>\n<meta property=\"og:url\" content=\"https:\/\/www.saintbenoit-mayombe.org\/index.php\/environnement\/environnement-et-agriculture\/\" \/>\n<meta property=\"og:site_name\" content=\"\u0152uvre Saint Benoit\" \/>\n<meta property=\"article:modified_time\" content=\"2022-02-21T22:27:47+00:00\" \/>\n<meta property=\"og:image\" content=\"https:\/\/www.saintbenoit-mayombe.org\/wp-content\/uploads\/2021\/03\/SAM_2685-1024x768.jpg\" \/>\n<meta name=\"twitter:card\" content=\"summary_large_image\" \/>\n<meta name=\"twitter:label1\" content=\"Dur\u00e9e de lecture estim\u00e9e\" \/>\n\t<meta name=\"twitter:data1\" content=\"2 minutes\" \/>\n<script type=\"application\/ld+json\" class=\"yoast-schema-graph\">{\"@context\":\"https:\/\/schema.org\",\"@graph\":[{\"@type\":\"WebSite\",\"@id\":\"https:\/\/www.saintbenoit-mayombe.org\/#website\",\"url\":\"https:\/\/www.saintbenoit-mayombe.org\/\",\"name\":\"\\u0152uvre Saint Benoit\",\"description\":\"Pour le d\\u00e9veloppement de tout l&#039;homme\",\"potentialAction\":[{\"@type\":\"SearchAction\",\"target\":{\"@type\":\"EntryPoint\",\"urlTemplate\":\"https:\/\/www.saintbenoit-mayombe.org\/?s={search_term_string}\"},\"query-input\":\"required name=search_term_string\"}],\"inLanguage\":\"fr-FR\"},{\"@type\":\"ImageObject\",\"@id\":\"https:\/\/www.saintbenoit-mayombe.org\/index.php\/environnement\/environnement-et-agriculture\/#primaryimage\",\"inLanguage\":\"fr-FR\",\"url\":\"https:\/\/www.saintbenoit-mayombe.org\/wp-content\/uploads\/2021\/03\/SAM_2685-1024x768.jpg\",\"contentUrl\":\"https:\/\/www.saintbenoit-mayombe.org\/wp-content\/uploads\/2021\/03\/SAM_2685-1024x768.jpg\"},{\"@type\":\"WebPage\",\"@id\":\"https:\/\/www.saintbenoit-mayombe.org\/index.php\/environnement\/environnement-et-agriculture\/#webpage\",\"url\":\"https:\/\/www.saintbenoit-mayombe.org\/index.php\/environnement\/environnement-et-agriculture\/\",\"name\":\"Agriculture - \\u0152uvre Saint Benoit\",\"isPartOf\":{\"@id\":\"https:\/\/www.saintbenoit-mayombe.org\/#website\"},\"primaryImageOfPage\":{\"@id\":\"https:\/\/www.saintbenoit-mayombe.org\/index.php\/environnement\/environnement-et-agriculture\/#primaryimage\"},\"datePublished\":\"2021-03-16T15:54:15+00:00\",\"dateModified\":\"2022-02-21T22:27:47+00:00\",\"breadcrumb\":{\"@id\":\"https:\/\/www.saintbenoit-mayombe.org\/index.php\/environnement\/environnement-et-agriculture\/#breadcrumb\"},\"inLanguage\":\"fr-FR\",\"potentialAction\":[{\"@type\":\"ReadAction\",\"target\":[\"https:\/\/www.saintbenoit-mayombe.org\/index.php\/environnement\/environnement-et-agriculture\/\"]}]},{\"@type\":\"BreadcrumbList\",\"@id\":\"https:\/\/www.saintbenoit-mayombe.org\/index.php\/environnement\/environnement-et-agriculture\/#breadcrumb\",\"itemListElement\":[{\"@type\":\"ListItem\",\"position\":1,\"name\":\"Home\",\"item\":\"https:\/\/www.saintbenoit-mayombe.org\/\"},{\"@type\":\"ListItem\",\"position\":2,\"name\":\"Environnement\",\"item\":\"https:\/\/www.saintbenoit-mayombe.org\/index.php\/environnement\/\"},{\"@type\":\"ListItem\",\"position\":3,\"name\":\"Agriculture\"}]}]}<\/script>\n<!-- \/ Yoast SEO plugin. -->","yoast_head_json":{"title":"Agriculture - \u0152uvre Saint Benoit","robots":{"index":"noindex","follow":"follow","max-snippet":"max-snippet:-1","max-image-preview":"max-image-preview:large","max-video-preview":"max-video-preview:-1"},"og_locale":"fr_FR","og_type":"article","og_title":"Agriculture - \u0152uvre Saint Benoit","og_description":"Une plantation de deux hectares de cacaoyer \u00e0 la paroisse de Saint Joseph de kidima avec le reboisement des essences foresti\u00e8res en voie de disparition qui servira de plantes de couverture.","og_url":"https:\/\/www.saintbenoit-mayombe.org\/index.php\/environnement\/environnement-et-agriculture\/","og_site_name":"\u0152uvre Saint Benoit","article_modified_time":"2022-02-21T22:27:47+00:00","og_image":[{"url":"https:\/\/www.saintbenoit-mayombe.org\/wp-content\/uploads\/2021\/03\/SAM_2685-1024x768.jpg"}],"twitter_card":"summary_large_image","twitter_misc":{"Dur\u00e9e de lecture estim\u00e9e":"2 minutes"},"schema":{"@context":"https:\/\/schema.org","@graph":[{"@type":"WebSite","@id":"https:\/\/www.saintbenoit-mayombe.org\/#website","url":"https:\/\/www.saintbenoit-mayombe.org\/","name":"\u0152uvre Saint Benoit","description":"Pour le d\u00e9veloppement de tout l&#039;homme","potentialAction":[{"@type":"SearchAction","target":{"@type":"EntryPoint","urlTemplate":"https:\/\/www.saintbenoit-mayombe.org\/?s={search_term_string}"},"query-input":"required name=search_term_string"}],"inLanguage":"fr-FR"},{"@type":"ImageObject","@id":"https:\/\/www.saintbenoit-mayombe.org\/index.php\/environnement\/environnement-et-agriculture\/#primaryimage","inLanguage":"fr-FR","url":"https:\/\/www.saintbenoit-mayombe.org\/wp-content\/uploads\/2021\/03\/SAM_2685-1024x768.jpg","contentUrl":"https:\/\/www.saintbenoit-mayombe.org\/wp-content\/uploads\/2021\/03\/SAM_2685-1024x768.jpg"},{"@type":"WebPage","@id":"https:\/\/www.saintbenoit-mayombe.org\/index.php\/environnement\/environnement-et-agriculture\/#webpage","url":"https:\/\/www.saintbenoit-mayombe.org\/index.php\/environnement\/environnement-et-agriculture\/","name":"Agriculture - \u0152uvre Saint Benoit","isPartOf":{"@id":"https:\/\/www.saintbenoit-mayombe.org\/#website"},"primaryImageOfPage":{"@id":"https:\/\/www.saintbenoit-mayombe.org\/index.php\/environnement\/environnement-et-agriculture\/#primaryimage"},"datePublished":"2021-03-16T15:54:15+00:00","dateModified":"2022-02-21T22:27:47+00:00","breadcrumb":{"@id":"https:\/\/www.saintbenoit-mayombe.org\/index.php\/environnement\/environnement-et-agriculture\/#breadcrumb"},"inLanguage":"fr-FR","potentialAction":[{"@type":"ReadAction","target":["https:\/\/www.saintbenoit-mayombe.org\/index.php\/environnement\/environnement-et-agriculture\/"]}]},{"@type":"BreadcrumbList","@id":"https:\/\/www.saintbenoit-mayombe.org\/index.php\/environnement\/environnement-et-agriculture\/#breadcrumb","itemListElement":[{"@type":"ListItem","position":1,"name":"Home","item":"https:\/\/www.saintbenoit-mayombe.org\/"},{"@type":"ListItem","position":2,"name":"Environnement","item":"https:\/\/www.saintbenoit-mayombe.org\/index.php\/environnement\/"},{"@type":"ListItem","position":3,"name":"Agriculture"}]}]}},"_links":{"self":[{"href":"https:\/\/www.saintbenoit-mayombe.org\/index.php\/wp-json\/wp\/v2\/pages\/248"}],"collection":[{"href":"https:\/\/www.saintbenoit-mayombe.org\/index.php\/wp-json\/wp\/v2\/pages"}],"about":[{"href":"https:\/\/www.saintbenoit-mayombe.org\/index.php\/wp-json\/wp\/v2\/types\/page"}],"author":[{"embeddable":true,"href":"https:\/\/www.saintbenoit-mayombe.org\/index.php\/wp-json\/wp\/v2\/users\/1"}],"replies":[{"embeddable":true,"href":"https:\/\/www.saintbenoit-mayombe.org\/index.php\/wp-json\/wp\/v2\/comments?post=248"}],"version-history":[{"count":7,"href":"https:\/\/www.saintbenoit-mayombe.org\/index.php\/wp-json\/wp\/v2\/pages\/248\/revisions"}],"predecessor-version":[{"id":520,"href":"https:\/\/www.saintbenoit-mayombe.org\/index.php\/wp-json\/wp\/v2\/pages\/248\/revisions\/520"}],"up":[{"embeddable":true,"href":"https:\/\/www.saintbenoit-mayombe.org\/index.php\/wp-json\/wp\/v2\/pages\/138"}],"wp:attachment":[{"href":"https:\/\/www.saintbenoit-mayombe.org\/index.php\/wp-json\/wp\/v2\/media?parent=248"}],"curies":[{"name":"wp","href":"https:\/\/api.w.org\/{rel}","templated":true}]}}