{"id":250,"date":"2021-03-16T15:55:17","date_gmt":"2021-03-16T15:55:17","guid":{"rendered":"https:\/\/www.csb-osb.org\/?page_id=250"},"modified":"2025-10-01T08:43:49","modified_gmt":"2025-10-01T08:43:49","slug":"environnement-et-apiculture","status":"publish","type":"page","link":"https:\/\/www.saintbenoit-mayombe.org\/index.php\/environnement\/environnement-et-apiculture\/","title":{"rendered":"Apiculture"},"content":{"rendered":"\n<figure class=\"wp-block-image size-large\"><img  title=\"\" loading=\"lazy\" width=\"1024\" height=\"326\" src=\"https:\/\/www.saintbenoit-mayombe.org\/wp-content\/uploads\/2021\/04\/ref-1-1024x326.jpg\"  alt=\"ref-1-1024x326 Apiculture\"  class=\"wp-image-311\" srcset=\"https:\/\/www.saintbenoit-mayombe.org\/wp-content\/uploads\/2021\/04\/ref-1-1024x326.jpg 1024w, https:\/\/www.saintbenoit-mayombe.org\/wp-content\/uploads\/2021\/04\/ref-1-300x95.jpg 300w, https:\/\/www.saintbenoit-mayombe.org\/wp-content\/uploads\/2021\/04\/ref-1-768x244.jpg 768w, https:\/\/www.saintbenoit-mayombe.org\/wp-content\/uploads\/2021\/04\/ref-1.jpg 1229w\" sizes=\"(max-width: 1024px) 100vw, 1024px\" \/><\/figure>\n\n\n\n<p class=\"has-text-align-center\">Les abeilles jouent un r\u00f4le essentiel dans notre \u00e9cosyst\u00e8me. Leur mission principale est la pollinisation. En outre, l&rsquo;insertion du polaine dans le miel permet de donner \u00e0 ce dernier la propri\u00e9t\u00e9 qui fait du miel \u00ab\u00a0une nourriture eternelle\u00a0\u00bb. <\/p>\n\n\n\n<p class=\"has-text-align-center\"><strong>Le miel qu&rsquo;on trouve aupr\u00e8s des momies de l&rsquo;Egypte ancienne, quoi que d\u00e9j\u00e0 p\u00e9trifi\u00e9, garde encore toutes les propri\u00e9t\u00e9s d&rsquo;un miel frais.<\/strong><\/p>\n\n\n\n<figure class=\"wp-block-gallery has-nested-images columns-default is-cropped\">\n<figure class=\"wp-block-image size-large\"><img  title=\"\" loading=\"lazy\" width=\"768\" height=\"1024\" data-id=\"326\"  src=\"https:\/\/www.saintbenoit-mayombe.org\/wp-content\/uploads\/2021\/04\/IMG-20210316-WA0012-768x1024.jpg\"  alt=\"IMG-20210316-WA0012-768x1024 Apiculture\"  class=\"wp-image-326\" srcset=\"https:\/\/www.saintbenoit-mayombe.org\/wp-content\/uploads\/2021\/04\/IMG-20210316-WA0012-768x1024.jpg 768w, https:\/\/www.saintbenoit-mayombe.org\/wp-content\/uploads\/2021\/04\/IMG-20210316-WA0012-225x300.jpg 225w, https:\/\/www.saintbenoit-mayombe.org\/wp-content\/uploads\/2021\/04\/IMG-20210316-WA0012.jpg 780w\" sizes=\"(max-width: 768px) 100vw, 768px\" \/><\/figure>\n\n\n\n<figure class=\"wp-block-image size-large\"><img  title=\"\" loading=\"lazy\" width=\"768\" height=\"1024\" data-id=\"322\"  src=\"https:\/\/www.saintbenoit-mayombe.org\/wp-content\/uploads\/2021\/04\/IMG-20210316-WA0008-768x1024.jpg\"  alt=\"IMG-20210316-WA0008-768x1024 Apiculture\"  class=\"wp-image-322\" srcset=\"https:\/\/www.saintbenoit-mayombe.org\/wp-content\/uploads\/2021\/04\/IMG-20210316-WA0008-768x1024.jpg 768w, https:\/\/www.saintbenoit-mayombe.org\/wp-content\/uploads\/2021\/04\/IMG-20210316-WA0008-225x300.jpg 225w, https:\/\/www.saintbenoit-mayombe.org\/wp-content\/uploads\/2021\/04\/IMG-20210316-WA0008.jpg 780w\" sizes=\"(max-width: 768px) 100vw, 768px\" \/><\/figure>\n\n\n\n<figure class=\"wp-block-image size-large\"><img  title=\"\" loading=\"lazy\" width=\"768\" height=\"1024\" data-id=\"321\"  src=\"https:\/\/www.saintbenoit-mayombe.org\/wp-content\/uploads\/2021\/04\/IMG-20210316-WA0007-768x1024.jpg\"  alt=\"IMG-20210316-WA0007-768x1024 Apiculture\"  class=\"wp-image-321\" srcset=\"https:\/\/www.saintbenoit-mayombe.org\/wp-content\/uploads\/2021\/04\/IMG-20210316-WA0007-768x1024.jpg 768w, https:\/\/www.saintbenoit-mayombe.org\/wp-content\/uploads\/2021\/04\/IMG-20210316-WA0007-225x300.jpg 225w, https:\/\/www.saintbenoit-mayombe.org\/wp-content\/uploads\/2021\/04\/IMG-20210316-WA0007.jpg 780w\" sizes=\"(max-width: 768px) 100vw, 768px\" \/><\/figure>\n\n\n\n<figure class=\"wp-block-image size-large\"><img  title=\"\" loading=\"lazy\" width=\"768\" height=\"1024\" data-id=\"324\"  src=\"https:\/\/www.saintbenoit-mayombe.org\/wp-content\/uploads\/2021\/04\/IMG-20210316-WA0010-768x1024.jpg\"  alt=\"IMG-20210316-WA0010-768x1024 Apiculture\"  class=\"wp-image-324\" srcset=\"https:\/\/www.saintbenoit-mayombe.org\/wp-content\/uploads\/2021\/04\/IMG-20210316-WA0010-768x1024.jpg 768w, https:\/\/www.saintbenoit-mayombe.org\/wp-content\/uploads\/2021\/04\/IMG-20210316-WA0010-225x300.jpg 225w, https:\/\/www.saintbenoit-mayombe.org\/wp-content\/uploads\/2021\/04\/IMG-20210316-WA0010.jpg 780w\" sizes=\"(max-width: 768px) 100vw, 768px\" \/><\/figure>\n\n\n\n<figure class=\"wp-block-image size-large\"><img  title=\"\" loading=\"lazy\" width=\"768\" height=\"1024\" data-id=\"329\"  src=\"https:\/\/www.saintbenoit-mayombe.org\/wp-content\/uploads\/2021\/04\/IMG-20210316-WA0011-1-768x1024.jpg\"  alt=\"IMG-20210316-WA0011-1-768x1024 Apiculture\"  class=\"wp-image-329\" srcset=\"https:\/\/www.saintbenoit-mayombe.org\/wp-content\/uploads\/2021\/04\/IMG-20210316-WA0011-1-768x1024.jpg 768w, https:\/\/www.saintbenoit-mayombe.org\/wp-content\/uploads\/2021\/04\/IMG-20210316-WA0011-1-225x300.jpg 225w, https:\/\/www.saintbenoit-mayombe.org\/wp-content\/uploads\/2021\/04\/IMG-20210316-WA0011-1.jpg 780w\" sizes=\"(max-width: 768px) 100vw, 768px\" \/><\/figure>\n<\/figure>\n\n\n\n<p>APPRENTISSAGE <\/p>\n\n\n\n<figure class=\"wp-block-gallery has-nested-images columns-default is-cropped\">\n<figure class=\"wp-block-image size-large\"><img  title=\"\" loading=\"lazy\" width=\"768\" height=\"1024\" data-id=\"315\"  src=\"https:\/\/www.saintbenoit-mayombe.org\/wp-content\/uploads\/2021\/04\/IMG-20210328-WA0012-768x1024.jpg\"  alt=\"IMG-20210328-WA0012-768x1024 Apiculture\"  class=\"wp-image-315\" srcset=\"https:\/\/www.saintbenoit-mayombe.org\/wp-content\/uploads\/2021\/04\/IMG-20210328-WA0012-768x1024.jpg 768w, https:\/\/www.saintbenoit-mayombe.org\/wp-content\/uploads\/2021\/04\/IMG-20210328-WA0012-225x300.jpg 225w, https:\/\/www.saintbenoit-mayombe.org\/wp-content\/uploads\/2021\/04\/IMG-20210328-WA0012.jpg 780w\" sizes=\"(max-width: 768px) 100vw, 768px\" \/><\/figure>\n\n\n\n<figure class=\"wp-block-image size-large\"><img  title=\"\" loading=\"lazy\" width=\"768\" height=\"1024\" data-id=\"316\"  src=\"https:\/\/www.saintbenoit-mayombe.org\/wp-content\/uploads\/2021\/04\/IMG-20210328-WA0015-768x1024.jpg\"  alt=\"IMG-20210328-WA0015-768x1024 Apiculture\"  class=\"wp-image-316\" srcset=\"https:\/\/www.saintbenoit-mayombe.org\/wp-content\/uploads\/2021\/04\/IMG-20210328-WA0015-768x1024.jpg 768w, https:\/\/www.saintbenoit-mayombe.org\/wp-content\/uploads\/2021\/04\/IMG-20210328-WA0015-225x300.jpg 225w, https:\/\/www.saintbenoit-mayombe.org\/wp-content\/uploads\/2021\/04\/IMG-20210328-WA0015.jpg 780w\" sizes=\"(max-width: 768px) 100vw, 768px\" \/><\/figure>\n\n\n\n<figure class=\"wp-block-image size-large\"><img  title=\"\" loading=\"lazy\" width=\"768\" height=\"1024\" data-id=\"317\"  src=\"https:\/\/www.saintbenoit-mayombe.org\/wp-content\/uploads\/2021\/04\/IMG-20210328-WA0016-768x1024.jpg\"  alt=\"IMG-20210328-WA0016-768x1024 Apiculture\"  class=\"wp-image-317\" srcset=\"https:\/\/www.saintbenoit-mayombe.org\/wp-content\/uploads\/2021\/04\/IMG-20210328-WA0016-768x1024.jpg 768w, https:\/\/www.saintbenoit-mayombe.org\/wp-content\/uploads\/2021\/04\/IMG-20210328-WA0016-225x300.jpg 225w, https:\/\/www.saintbenoit-mayombe.org\/wp-content\/uploads\/2021\/04\/IMG-20210328-WA0016.jpg 780w\" sizes=\"(max-width: 768px) 100vw, 768px\" \/><\/figure>\n<\/figure>\n","protected":false},"excerpt":{"rendered":"<p>Les abeilles jouent un r\u00f4le essentiel dans notre \u00e9cosyst\u00e8me. Leur mission principale est la pollinisation. En outre, l&rsquo;insertion du polaine dans le miel permet de donner \u00e0 ce dernier la propri\u00e9t\u00e9 qui fait du miel \u00ab\u00a0une nourriture eternelle\u00a0\u00bb. Le miel qu&rsquo;on trouve aupr\u00e8s des momies de l&rsquo;Egypte ancienne, quoi que d\u00e9j\u00e0 p\u00e9trifi\u00e9, garde encore toutes [&hellip;]<\/p>\n","protected":false},"author":1,"featured_media":0,"parent":138,"menu_order":0,"comment_status":"closed","ping_status":"closed","template":"","meta":[],"yoast_head":"<!-- This site is optimized with the Yoast SEO plugin v17.8 - https:\/\/yoast.com\/wordpress\/plugins\/seo\/ -->\n<title>Apiculture - \u0152uvre Saint Benoit<\/title>\n<meta name=\"robots\" content=\"noindex, follow, max-snippet:-1, max-image-preview:large, max-video-preview:-1\" \/>\n<meta property=\"og:locale\" content=\"fr_FR\" \/>\n<meta property=\"og:type\" content=\"article\" \/>\n<meta property=\"og:title\" content=\"Apiculture - \u0152uvre Saint Benoit\" \/>\n<meta property=\"og:description\" content=\"Les abeilles jouent un r\u00f4le essentiel dans notre \u00e9cosyst\u00e8me. Leur mission principale est la pollinisation. En outre, l&rsquo;insertion du polaine dans le miel permet de donner \u00e0 ce dernier la propri\u00e9t\u00e9 qui fait du miel \u00ab\u00a0une nourriture eternelle\u00a0\u00bb. Le miel qu&rsquo;on trouve aupr\u00e8s des momies de l&rsquo;Egypte ancienne, quoi que d\u00e9j\u00e0 p\u00e9trifi\u00e9, garde encore toutes [&hellip;]\" \/>\n<meta property=\"og:url\" content=\"https:\/\/www.saintbenoit-mayombe.org\/index.php\/environnement\/environnement-et-apiculture\/\" \/>\n<meta property=\"og:site_name\" content=\"\u0152uvre Saint Benoit\" \/>\n<meta property=\"article:modified_time\" content=\"2025-10-01T08:43:49+00:00\" \/>\n<meta property=\"og:image\" content=\"https:\/\/www.saintbenoit-mayombe.org\/wp-content\/uploads\/2021\/04\/ref-1-1024x326.jpg\" \/>\n<meta name=\"twitter:card\" content=\"summary_large_image\" \/>\n<meta name=\"twitter:label1\" content=\"Dur\u00e9e de lecture estim\u00e9e\" \/>\n\t<meta name=\"twitter:data1\" content=\"3 minutes\" \/>\n<script type=\"application\/ld+json\" class=\"yoast-schema-graph\">{\"@context\":\"https:\/\/schema.org\",\"@graph\":[{\"@type\":\"WebSite\",\"@id\":\"https:\/\/www.saintbenoit-mayombe.org\/#website\",\"url\":\"https:\/\/www.saintbenoit-mayombe.org\/\",\"name\":\"\\u0152uvre Saint Benoit\",\"description\":\"Pour le d\\u00e9veloppement de tout l&#039;homme\",\"potentialAction\":[{\"@type\":\"SearchAction\",\"target\":{\"@type\":\"EntryPoint\",\"urlTemplate\":\"https:\/\/www.saintbenoit-mayombe.org\/?s={search_term_string}\"},\"query-input\":\"required name=search_term_string\"}],\"inLanguage\":\"fr-FR\"},{\"@type\":\"ImageObject\",\"@id\":\"https:\/\/www.saintbenoit-mayombe.org\/index.php\/environnement\/environnement-et-apiculture\/#primaryimage\",\"inLanguage\":\"fr-FR\",\"url\":\"https:\/\/www.saintbenoit-mayombe.org\/wp-content\/uploads\/2021\/04\/ref-1.jpg\",\"contentUrl\":\"https:\/\/www.saintbenoit-mayombe.org\/wp-content\/uploads\/2021\/04\/ref-1.jpg\",\"width\":1229,\"height\":391},{\"@type\":\"WebPage\",\"@id\":\"https:\/\/www.saintbenoit-mayombe.org\/index.php\/environnement\/environnement-et-apiculture\/#webpage\",\"url\":\"https:\/\/www.saintbenoit-mayombe.org\/index.php\/environnement\/environnement-et-apiculture\/\",\"name\":\"Apiculture - \\u0152uvre Saint Benoit\",\"isPartOf\":{\"@id\":\"https:\/\/www.saintbenoit-mayombe.org\/#website\"},\"primaryImageOfPage\":{\"@id\":\"https:\/\/www.saintbenoit-mayombe.org\/index.php\/environnement\/environnement-et-apiculture\/#primaryimage\"},\"datePublished\":\"2021-03-16T15:55:17+00:00\",\"dateModified\":\"2025-10-01T08:43:49+00:00\",\"breadcrumb\":{\"@id\":\"https:\/\/www.saintbenoit-mayombe.org\/index.php\/environnement\/environnement-et-apiculture\/#breadcrumb\"},\"inLanguage\":\"fr-FR\",\"potentialAction\":[{\"@type\":\"ReadAction\",\"target\":[\"https:\/\/www.saintbenoit-mayombe.org\/index.php\/environnement\/environnement-et-apiculture\/\"]}]},{\"@type\":\"BreadcrumbList\",\"@id\":\"https:\/\/www.saintbenoit-mayombe.org\/index.php\/environnement\/environnement-et-apiculture\/#breadcrumb\",\"itemListElement\":[{\"@type\":\"ListItem\",\"position\":1,\"name\":\"Home\",\"item\":\"https:\/\/www.saintbenoit-mayombe.org\/\"},{\"@type\":\"ListItem\",\"position\":2,\"name\":\"Environnement\",\"item\":\"https:\/\/www.saintbenoit-mayombe.org\/index.php\/environnement\/\"},{\"@type\":\"ListItem\",\"position\":3,\"name\":\"Apiculture\"}]}]}<\/script>\n<!-- \/ Yoast SEO plugin. -->","yoast_head_json":{"title":"Apiculture - \u0152uvre Saint Benoit","robots":{"index":"noindex","follow":"follow","max-snippet":"max-snippet:-1","max-image-preview":"max-image-preview:large","max-video-preview":"max-video-preview:-1"},"og_locale":"fr_FR","og_type":"article","og_title":"Apiculture - \u0152uvre Saint Benoit","og_description":"Les abeilles jouent un r\u00f4le essentiel dans notre \u00e9cosyst\u00e8me. Leur mission principale est la pollinisation. En outre, l&rsquo;insertion du polaine dans le miel permet de donner \u00e0 ce dernier la propri\u00e9t\u00e9 qui fait du miel \u00ab\u00a0une nourriture eternelle\u00a0\u00bb. Le miel qu&rsquo;on trouve aupr\u00e8s des momies de l&rsquo;Egypte ancienne, quoi que d\u00e9j\u00e0 p\u00e9trifi\u00e9, garde encore toutes [&hellip;]","og_url":"https:\/\/www.saintbenoit-mayombe.org\/index.php\/environnement\/environnement-et-apiculture\/","og_site_name":"\u0152uvre Saint Benoit","article_modified_time":"2025-10-01T08:43:49+00:00","og_image":[{"url":"https:\/\/www.saintbenoit-mayombe.org\/wp-content\/uploads\/2021\/04\/ref-1-1024x326.jpg"}],"twitter_card":"summary_large_image","twitter_misc":{"Dur\u00e9e de lecture estim\u00e9e":"3 minutes"},"schema":{"@context":"https:\/\/schema.org","@graph":[{"@type":"WebSite","@id":"https:\/\/www.saintbenoit-mayombe.org\/#website","url":"https:\/\/www.saintbenoit-mayombe.org\/","name":"\u0152uvre Saint Benoit","description":"Pour le d\u00e9veloppement de tout l&#039;homme","potentialAction":[{"@type":"SearchAction","target":{"@type":"EntryPoint","urlTemplate":"https:\/\/www.saintbenoit-mayombe.org\/?s={search_term_string}"},"query-input":"required name=search_term_string"}],"inLanguage":"fr-FR"},{"@type":"ImageObject","@id":"https:\/\/www.saintbenoit-mayombe.org\/index.php\/environnement\/environnement-et-apiculture\/#primaryimage","inLanguage":"fr-FR","url":"https:\/\/www.saintbenoit-mayombe.org\/wp-content\/uploads\/2021\/04\/ref-1.jpg","contentUrl":"https:\/\/www.saintbenoit-mayombe.org\/wp-content\/uploads\/2021\/04\/ref-1.jpg","width":1229,"height":391},{"@type":"WebPage","@id":"https:\/\/www.saintbenoit-mayombe.org\/index.php\/environnement\/environnement-et-apiculture\/#webpage","url":"https:\/\/www.saintbenoit-mayombe.org\/index.php\/environnement\/environnement-et-apiculture\/","name":"Apiculture - \u0152uvre Saint Benoit","isPartOf":{"@id":"https:\/\/www.saintbenoit-mayombe.org\/#website"},"primaryImageOfPage":{"@id":"https:\/\/www.saintbenoit-mayombe.org\/index.php\/environnement\/environnement-et-apiculture\/#primaryimage"},"datePublished":"2021-03-16T15:55:17+00:00","dateModified":"2025-10-01T08:43:49+00:00","breadcrumb":{"@id":"https:\/\/www.saintbenoit-mayombe.org\/index.php\/environnement\/environnement-et-apiculture\/#breadcrumb"},"inLanguage":"fr-FR","potentialAction":[{"@type":"ReadAction","target":["https:\/\/www.saintbenoit-mayombe.org\/index.php\/environnement\/environnement-et-apiculture\/"]}]},{"@type":"BreadcrumbList","@id":"https:\/\/www.saintbenoit-mayombe.org\/index.php\/environnement\/environnement-et-apiculture\/#breadcrumb","itemListElement":[{"@type":"ListItem","position":1,"name":"Home","item":"https:\/\/www.saintbenoit-mayombe.org\/"},{"@type":"ListItem","position":2,"name":"Environnement","item":"https:\/\/www.saintbenoit-mayombe.org\/index.php\/environnement\/"},{"@type":"ListItem","position":3,"name":"Apiculture"}]}]}},"_links":{"self":[{"href":"https:\/\/www.saintbenoit-mayombe.org\/index.php\/wp-json\/wp\/v2\/pages\/250"}],"collection":[{"href":"https:\/\/www.saintbenoit-mayombe.org\/index.php\/wp-json\/wp\/v2\/pages"}],"about":[{"href":"https:\/\/www.saintbenoit-mayombe.org\/index.php\/wp-json\/wp\/v2\/types\/page"}],"author":[{"embeddable":true,"href":"https:\/\/www.saintbenoit-mayombe.org\/index.php\/wp-json\/wp\/v2\/users\/1"}],"replies":[{"embeddable":true,"href":"https:\/\/www.saintbenoit-mayombe.org\/index.php\/wp-json\/wp\/v2\/comments?post=250"}],"version-history":[{"count":16,"href":"https:\/\/www.saintbenoit-mayombe.org\/index.php\/wp-json\/wp\/v2\/pages\/250\/revisions"}],"predecessor-version":[{"id":920,"href":"https:\/\/www.saintbenoit-mayombe.org\/index.php\/wp-json\/wp\/v2\/pages\/250\/revisions\/920"}],"up":[{"embeddable":true,"href":"https:\/\/www.saintbenoit-mayombe.org\/index.php\/wp-json\/wp\/v2\/pages\/138"}],"wp:attachment":[{"href":"https:\/\/www.saintbenoit-mayombe.org\/index.php\/wp-json\/wp\/v2\/media?parent=250"}],"curies":[{"name":"wp","href":"https:\/\/api.w.org\/{rel}","templated":true}]}}