{"id":410,"date":"2021-04-02T13:55:43","date_gmt":"2021-04-02T13:55:43","guid":{"rendered":"https:\/\/www.csb-osb.org\/?page_id=410"},"modified":"2025-10-02T09:31:25","modified_gmt":"2025-10-02T09:31:25","slug":"qui-sommes-nous","status":"publish","type":"page","link":"https:\/\/www.saintbenoit-mayombe.org\/index.php\/nos-objectifs\/qui-sommes-nous\/","title":{"rendered":"QUI SOMMES-NOUS ?"},"content":{"rendered":"\n<h1 class=\"has-text-align-center\"><strong><span class=\"has-inline-color has-vivid-green-cyan-color\">QUI SOMMES-NOUS ?<\/span><\/strong><\/h1>\n\n\n\n<p class=\"has-text-align-center\">\u0152uvre Saint Benoit\/Mayombe est une ONG d\u2019int\u00e9r\u00eat g\u00e9n\u00e9ral, reconnue d\u2019utilit\u00e9 publique dans l\u2019\u00e9ducation et dans l\u2019environnement bas\u00e9e en RDC.<\/p>\n\n\n\n<p class=\"has-text-align-center\">Nous sommes une Association Sans But Lucratif (ASBL) r\u00e9unissant les femmes et les hommes de bonne volont\u00e9 autour d\u2019 un id\u00e9al, celui de la formation de tout l\u2019homme. C\u2019est une ASBL a vocation philanthropique. Elle se penche essentiellement sur l\u2019homme en tant que acteur de son propre d\u00e9veloppement en s\u2019inspirant de Saint Benoit dans sa r\u00e8gle \u00ab <strong>ORA ET LABORA<\/strong> \u00bb et de Saint Vincent de Paul, l\u2019ap\u00f4tre des personnes vuln\u00e9rables.<\/p>\n\n\n\n<figure class=\"wp-block-gallery has-nested-images columns-default is-cropped\">\n<figure class=\"wp-block-image size-large\"><img  title=\"\" loading=\"lazy\" width=\"720\" height=\"540\" data-id=\"916\"  src=\"https:\/\/www.saintbenoit-mayombe.org\/wp-content\/uploads\/2025\/10\/IMG-20250927-WA0002.jpg\"  alt=\"IMG-20250927-WA0002 QUI SOMMES-NOUS ?\"  class=\"wp-image-916\" srcset=\"https:\/\/www.saintbenoit-mayombe.org\/wp-content\/uploads\/2025\/10\/IMG-20250927-WA0002.jpg 720w, https:\/\/www.saintbenoit-mayombe.org\/wp-content\/uploads\/2025\/10\/IMG-20250927-WA0002-300x225.jpg 300w\" sizes=\"(max-width: 720px) 100vw, 720px\" \/><\/figure>\n\n\n\n<figure class=\"wp-block-image size-large\"><img  title=\"\" loading=\"lazy\" width=\"1024\" height=\"768\" data-id=\"917\"  src=\"https:\/\/www.saintbenoit-mayombe.org\/wp-content\/uploads\/2025\/10\/IMG-20250927-WA0000-1024x768.jpg\"  alt=\"IMG-20250927-WA0000-1024x768 QUI SOMMES-NOUS ?\"  class=\"wp-image-917\" srcset=\"https:\/\/www.saintbenoit-mayombe.org\/wp-content\/uploads\/2025\/10\/IMG-20250927-WA0000-1024x768.jpg 1024w, https:\/\/www.saintbenoit-mayombe.org\/wp-content\/uploads\/2025\/10\/IMG-20250927-WA0000-300x225.jpg 300w, https:\/\/www.saintbenoit-mayombe.org\/wp-content\/uploads\/2025\/10\/IMG-20250927-WA0000-768x576.jpg 768w, https:\/\/www.saintbenoit-mayombe.org\/wp-content\/uploads\/2025\/10\/IMG-20250927-WA0000.jpg 1080w\" sizes=\"(max-width: 1024px) 100vw, 1024px\" \/><\/figure>\n<\/figure>\n\n\n\n<h2><mark style=\"background-color:rgba(0, 0, 0, 0)\" class=\"has-inline-color has-vivid-cyan-blue-color\"><strong>N<\/strong>otre vision<\/mark><\/h2>\n\n\n\n<p>C\u2019est de relever les d\u00e9fis de la d\u00e9gradation de la passion pour l\u2019enseignement.<\/p>\n\n\n\n<p>C\u2019est de relever le d\u00e9fis de la transmission d\u2019un savoir bas\u00e9 sur la r\u00e9solution des probl\u00e8mes concrets qui se posent dans l\u2019environnement imm\u00e9diat d\u2019un village : pertes des biodiversit\u00e9s v\u00e9g\u00e9tales, animales et culturelles.<\/p>\n\n\n\n<h2><mark style=\"background-color:rgba(0, 0, 0, 0)\" class=\"has-inline-color has-vivid-cyan-blue-color\"><strong>N<\/strong>otre mission<\/mark><\/h2>\n\n\n\n<ul><li>Reconstituer la for\u00eat du Mayombe trop longtemps abim\u00e9e par le feu de brousse et la politique de la monoculture (palmier \u00e0 huile, H\u00e9v\u00e9a);<\/li><li>Remonter le niveau de l\u2019\u00e9ducation de base;<\/li><li>Contribuer \u00e0 la concr\u00e9tisation de la transition \u00e9nerg\u00e9tique dans une r\u00e9gion particuli\u00e8rement favoris\u00e9e en mati\u00e8re de potentiels hydro\u00e9lectriques et de potentiel en \u00e9nergie solaire;<\/li><li>Mobiliser les fonds (chaise de solidarit\u00e9) en vue de construire dans un premier temps le chemin de fer Boma-Tshela qui existait d\u00e9j\u00e0 avant l\u2019ind\u00e9pendance ainsi que des axes routiers. Ces deux infrastructures doivent r\u00e9pondre aux normes et pr\u00e9occupations du 21\u00e8 si\u00e8cle (v\u00e9hicule autonome).<\/li><\/ul>\n\n\n\n<p>Notre m\u00e9thode est la suivante : En amont, il s\u2019agira d\u2019\u00e9duquer, d\u2019instruire, de former, d\u2019informer les hommes et les femmes de tout \u00e2ge et de toute condition. En aval, nous cherchons \u00e0 apporter l\u2019appui multiforme n\u00e9cessaire \u00e0 la promotion, au renforcement des capacit\u00e9s, \u00e0 la dynamisation et \u00e0 l\u2019accompagnement des personnes form\u00e9es.<\/p>\n","protected":false},"excerpt":{"rendered":"<p>QUI SOMMES-NOUS ? \u0152uvre Saint Benoit\/Mayombe est une ONG d\u2019int\u00e9r\u00eat g\u00e9n\u00e9ral, reconnue d\u2019utilit\u00e9 publique dans l\u2019\u00e9ducation et dans l\u2019environnement bas\u00e9e en RDC. Nous sommes une Association Sans But Lucratif (ASBL) r\u00e9unissant les femmes et les hommes de bonne volont\u00e9 autour d\u2019 un id\u00e9al, celui de la formation de tout l\u2019homme. C\u2019est une ASBL a vocation [&hellip;]<\/p>\n","protected":false},"author":1,"featured_media":0,"parent":9,"menu_order":0,"comment_status":"closed","ping_status":"closed","template":"","meta":[],"yoast_head":"<!-- This site is optimized with the Yoast SEO plugin v17.8 - https:\/\/yoast.com\/wordpress\/plugins\/seo\/ -->\n<title>QUI SOMMES-NOUS ? - \u0152uvre Saint Benoit<\/title>\n<meta name=\"robots\" content=\"noindex, follow, max-snippet:-1, max-image-preview:large, max-video-preview:-1\" \/>\n<meta property=\"og:locale\" content=\"fr_FR\" \/>\n<meta property=\"og:type\" content=\"article\" \/>\n<meta property=\"og:title\" content=\"QUI SOMMES-NOUS ? - \u0152uvre Saint Benoit\" \/>\n<meta property=\"og:description\" content=\"QUI SOMMES-NOUS ? \u0152uvre Saint Benoit\/Mayombe est une ONG d\u2019int\u00e9r\u00eat g\u00e9n\u00e9ral, reconnue d\u2019utilit\u00e9 publique dans l\u2019\u00e9ducation et dans l\u2019environnement bas\u00e9e en RDC. Nous sommes une Association Sans But Lucratif (ASBL) r\u00e9unissant les femmes et les hommes de bonne volont\u00e9 autour d\u2019 un id\u00e9al, celui de la formation de tout l\u2019homme. C\u2019est une ASBL a vocation [&hellip;]\" \/>\n<meta property=\"og:url\" content=\"https:\/\/www.saintbenoit-mayombe.org\/index.php\/nos-objectifs\/qui-sommes-nous\/\" \/>\n<meta property=\"og:site_name\" content=\"\u0152uvre Saint Benoit\" \/>\n<meta property=\"article:modified_time\" content=\"2025-10-02T09:31:25+00:00\" \/>\n<meta property=\"og:image\" content=\"https:\/\/www.saintbenoit-mayombe.org\/wp-content\/uploads\/2025\/10\/IMG-20250927-WA0002.jpg\" \/>\n<meta name=\"twitter:card\" content=\"summary_large_image\" \/>\n<meta name=\"twitter:label1\" content=\"Dur\u00e9e de lecture estim\u00e9e\" \/>\n\t<meta name=\"twitter:data1\" content=\"2 minutes\" \/>\n<script type=\"application\/ld+json\" class=\"yoast-schema-graph\">{\"@context\":\"https:\/\/schema.org\",\"@graph\":[{\"@type\":\"WebSite\",\"@id\":\"https:\/\/www.saintbenoit-mayombe.org\/#website\",\"url\":\"https:\/\/www.saintbenoit-mayombe.org\/\",\"name\":\"\\u0152uvre Saint Benoit\",\"description\":\"Pour le d\\u00e9veloppement de tout l&#039;homme\",\"potentialAction\":[{\"@type\":\"SearchAction\",\"target\":{\"@type\":\"EntryPoint\",\"urlTemplate\":\"https:\/\/www.saintbenoit-mayombe.org\/?s={search_term_string}\"},\"query-input\":\"required name=search_term_string\"}],\"inLanguage\":\"fr-FR\"},{\"@type\":\"ImageObject\",\"@id\":\"https:\/\/www.saintbenoit-mayombe.org\/index.php\/nos-objectifs\/qui-sommes-nous\/#primaryimage\",\"inLanguage\":\"fr-FR\",\"url\":\"https:\/\/www.saintbenoit-mayombe.org\/wp-content\/uploads\/2025\/10\/IMG-20250927-WA0002.jpg\",\"contentUrl\":\"https:\/\/www.saintbenoit-mayombe.org\/wp-content\/uploads\/2025\/10\/IMG-20250927-WA0002.jpg\",\"width\":720,\"height\":540},{\"@type\":\"WebPage\",\"@id\":\"https:\/\/www.saintbenoit-mayombe.org\/index.php\/nos-objectifs\/qui-sommes-nous\/#webpage\",\"url\":\"https:\/\/www.saintbenoit-mayombe.org\/index.php\/nos-objectifs\/qui-sommes-nous\/\",\"name\":\"QUI SOMMES-NOUS ? - \\u0152uvre Saint Benoit\",\"isPartOf\":{\"@id\":\"https:\/\/www.saintbenoit-mayombe.org\/#website\"},\"primaryImageOfPage\":{\"@id\":\"https:\/\/www.saintbenoit-mayombe.org\/index.php\/nos-objectifs\/qui-sommes-nous\/#primaryimage\"},\"datePublished\":\"2021-04-02T13:55:43+00:00\",\"dateModified\":\"2025-10-02T09:31:25+00:00\",\"breadcrumb\":{\"@id\":\"https:\/\/www.saintbenoit-mayombe.org\/index.php\/nos-objectifs\/qui-sommes-nous\/#breadcrumb\"},\"inLanguage\":\"fr-FR\",\"potentialAction\":[{\"@type\":\"ReadAction\",\"target\":[\"https:\/\/www.saintbenoit-mayombe.org\/index.php\/nos-objectifs\/qui-sommes-nous\/\"]}]},{\"@type\":\"BreadcrumbList\",\"@id\":\"https:\/\/www.saintbenoit-mayombe.org\/index.php\/nos-objectifs\/qui-sommes-nous\/#breadcrumb\",\"itemListElement\":[{\"@type\":\"ListItem\",\"position\":1,\"name\":\"Home\",\"item\":\"https:\/\/www.saintbenoit-mayombe.org\/\"},{\"@type\":\"ListItem\",\"position\":2,\"name\":\"A propos\",\"item\":\"https:\/\/www.saintbenoit-mayombe.org\/index.php\/nos-objectifs\/\"},{\"@type\":\"ListItem\",\"position\":3,\"name\":\"QUI SOMMES-NOUS ?\"}]}]}<\/script>\n<!-- \/ Yoast SEO plugin. -->","yoast_head_json":{"title":"QUI SOMMES-NOUS ? - \u0152uvre Saint Benoit","robots":{"index":"noindex","follow":"follow","max-snippet":"max-snippet:-1","max-image-preview":"max-image-preview:large","max-video-preview":"max-video-preview:-1"},"og_locale":"fr_FR","og_type":"article","og_title":"QUI SOMMES-NOUS ? - \u0152uvre Saint Benoit","og_description":"QUI SOMMES-NOUS ? \u0152uvre Saint Benoit\/Mayombe est une ONG d\u2019int\u00e9r\u00eat g\u00e9n\u00e9ral, reconnue d\u2019utilit\u00e9 publique dans l\u2019\u00e9ducation et dans l\u2019environnement bas\u00e9e en RDC. Nous sommes une Association Sans But Lucratif (ASBL) r\u00e9unissant les femmes et les hommes de bonne volont\u00e9 autour d\u2019 un id\u00e9al, celui de la formation de tout l\u2019homme. C\u2019est une ASBL a vocation [&hellip;]","og_url":"https:\/\/www.saintbenoit-mayombe.org\/index.php\/nos-objectifs\/qui-sommes-nous\/","og_site_name":"\u0152uvre Saint Benoit","article_modified_time":"2025-10-02T09:31:25+00:00","og_image":[{"url":"https:\/\/www.saintbenoit-mayombe.org\/wp-content\/uploads\/2025\/10\/IMG-20250927-WA0002.jpg"}],"twitter_card":"summary_large_image","twitter_misc":{"Dur\u00e9e de lecture estim\u00e9e":"2 minutes"},"schema":{"@context":"https:\/\/schema.org","@graph":[{"@type":"WebSite","@id":"https:\/\/www.saintbenoit-mayombe.org\/#website","url":"https:\/\/www.saintbenoit-mayombe.org\/","name":"\u0152uvre Saint Benoit","description":"Pour le d\u00e9veloppement de tout l&#039;homme","potentialAction":[{"@type":"SearchAction","target":{"@type":"EntryPoint","urlTemplate":"https:\/\/www.saintbenoit-mayombe.org\/?s={search_term_string}"},"query-input":"required name=search_term_string"}],"inLanguage":"fr-FR"},{"@type":"ImageObject","@id":"https:\/\/www.saintbenoit-mayombe.org\/index.php\/nos-objectifs\/qui-sommes-nous\/#primaryimage","inLanguage":"fr-FR","url":"https:\/\/www.saintbenoit-mayombe.org\/wp-content\/uploads\/2025\/10\/IMG-20250927-WA0002.jpg","contentUrl":"https:\/\/www.saintbenoit-mayombe.org\/wp-content\/uploads\/2025\/10\/IMG-20250927-WA0002.jpg","width":720,"height":540},{"@type":"WebPage","@id":"https:\/\/www.saintbenoit-mayombe.org\/index.php\/nos-objectifs\/qui-sommes-nous\/#webpage","url":"https:\/\/www.saintbenoit-mayombe.org\/index.php\/nos-objectifs\/qui-sommes-nous\/","name":"QUI SOMMES-NOUS ? - \u0152uvre Saint Benoit","isPartOf":{"@id":"https:\/\/www.saintbenoit-mayombe.org\/#website"},"primaryImageOfPage":{"@id":"https:\/\/www.saintbenoit-mayombe.org\/index.php\/nos-objectifs\/qui-sommes-nous\/#primaryimage"},"datePublished":"2021-04-02T13:55:43+00:00","dateModified":"2025-10-02T09:31:25+00:00","breadcrumb":{"@id":"https:\/\/www.saintbenoit-mayombe.org\/index.php\/nos-objectifs\/qui-sommes-nous\/#breadcrumb"},"inLanguage":"fr-FR","potentialAction":[{"@type":"ReadAction","target":["https:\/\/www.saintbenoit-mayombe.org\/index.php\/nos-objectifs\/qui-sommes-nous\/"]}]},{"@type":"BreadcrumbList","@id":"https:\/\/www.saintbenoit-mayombe.org\/index.php\/nos-objectifs\/qui-sommes-nous\/#breadcrumb","itemListElement":[{"@type":"ListItem","position":1,"name":"Home","item":"https:\/\/www.saintbenoit-mayombe.org\/"},{"@type":"ListItem","position":2,"name":"A propos","item":"https:\/\/www.saintbenoit-mayombe.org\/index.php\/nos-objectifs\/"},{"@type":"ListItem","position":3,"name":"QUI SOMMES-NOUS ?"}]}]}},"_links":{"self":[{"href":"https:\/\/www.saintbenoit-mayombe.org\/index.php\/wp-json\/wp\/v2\/pages\/410"}],"collection":[{"href":"https:\/\/www.saintbenoit-mayombe.org\/index.php\/wp-json\/wp\/v2\/pages"}],"about":[{"href":"https:\/\/www.saintbenoit-mayombe.org\/index.php\/wp-json\/wp\/v2\/types\/page"}],"author":[{"embeddable":true,"href":"https:\/\/www.saintbenoit-mayombe.org\/index.php\/wp-json\/wp\/v2\/users\/1"}],"replies":[{"embeddable":true,"href":"https:\/\/www.saintbenoit-mayombe.org\/index.php\/wp-json\/wp\/v2\/comments?post=410"}],"version-history":[{"count":4,"href":"https:\/\/www.saintbenoit-mayombe.org\/index.php\/wp-json\/wp\/v2\/pages\/410\/revisions"}],"predecessor-version":[{"id":930,"href":"https:\/\/www.saintbenoit-mayombe.org\/index.php\/wp-json\/wp\/v2\/pages\/410\/revisions\/930"}],"up":[{"embeddable":true,"href":"https:\/\/www.saintbenoit-mayombe.org\/index.php\/wp-json\/wp\/v2\/pages\/9"}],"wp:attachment":[{"href":"https:\/\/www.saintbenoit-mayombe.org\/index.php\/wp-json\/wp\/v2\/media?parent=410"}],"curies":[{"name":"wp","href":"https:\/\/api.w.org\/{rel}","templated":true}]}}