{"id":413,"date":"2021-04-02T14:01:20","date_gmt":"2021-04-02T14:01:20","guid":{"rendered":"https:\/\/www.csb-osb.org\/?page_id=413"},"modified":"2025-10-20T13:27:32","modified_gmt":"2025-10-20T13:27:32","slug":"objectifs-et-valeurs","status":"publish","type":"page","link":"https:\/\/www.saintbenoit-mayombe.org\/index.php\/nos-objectifs\/objectifs-et-valeurs\/","title":{"rendered":"Objectifs et valeurs"},"content":{"rendered":"\n<p class=\"has-text-align-center\"><strong>NOS IDEES-UN ENGAGEMENT-DU TRAVAIL<\/strong><\/p>\n\n\n\n<h1 class=\"has-text-align-center\"><mark style=\"background-color:rgba(0, 0, 0, 0)\" class=\"has-inline-color has-vivid-green-cyan-color\">Objectifs et valeurs<\/mark><\/h1>\n\n\n\n<h2><mark style=\"background-color:rgba(0, 0, 0, 0)\" class=\"has-inline-color has-vivid-cyan-blue-color\">Nos Objectifs<\/mark><\/h2>\n\n\n\n<p>Notre objectif principal \u00e9tant de produire un nouveau type d\u2019homme impr\u00e9gn\u00e9 des valeurs humaines et r\u00e9publicaines en vue de contribuer \u00e0 l\u2019\u00e9mergence d\u2019un nouvel ordre de la soci\u00e9t\u00e9.<\/p>\n\n\n\n<p>Nos objectifs sp\u00e9cifiques :<\/p>\n\n\n\n<ul><li>Motiver les villageois afin qu\u2019ils se remettent que travail r\u00e9gulier et motivateur;<\/li><li>La pluie artificielle : apporter une r\u00e9ponse \u00e0 l\u2019exode rurale due \u00e0 l\u2019appauvrissement du sol;<\/li><li>Aider les villageois \u00e0 moins utiliser les bois de chauffe, on les encourage aux sources alternatives telles que l\u2019\u00e9lectricit\u00e9 solaire et hydro<\/li><\/ul>\n\n\n\n<h2><strong><span class=\"has-inline-color has-vivid-cyan-blue-color\">Nos valeurs<\/span><\/strong><\/h2>\n\n\n\n<ul><li>Transparence,<\/li><li>Efficacit\u00e9 et <\/li><li>Rapidit\u00e9 (respect de d\u00e9lai imparti)<\/li><\/ul>\n","protected":false},"excerpt":{"rendered":"<p>NOS IDEES-UN ENGAGEMENT-DU TRAVAIL Objectifs et valeurs Nos Objectifs Notre objectif principal \u00e9tant de produire un nouveau type d\u2019homme impr\u00e9gn\u00e9 des valeurs humaines et r\u00e9publicaines en vue de contribuer \u00e0 l\u2019\u00e9mergence d\u2019un nouvel ordre de la soci\u00e9t\u00e9. Nos objectifs sp\u00e9cifiques : Motiver les villageois afin qu\u2019ils se remettent que travail r\u00e9gulier et motivateur; La pluie [&hellip;]<\/p>\n","protected":false},"author":1,"featured_media":0,"parent":9,"menu_order":0,"comment_status":"closed","ping_status":"closed","template":"","meta":[],"yoast_head":"<!-- This site is optimized with the Yoast SEO plugin v17.8 - https:\/\/yoast.com\/wordpress\/plugins\/seo\/ -->\n<title>Objectifs et valeurs - \u0152uvre Saint Benoit<\/title>\n<meta name=\"robots\" content=\"noindex, follow, max-snippet:-1, max-image-preview:large, max-video-preview:-1\" \/>\n<meta property=\"og:locale\" content=\"fr_FR\" \/>\n<meta property=\"og:type\" content=\"article\" \/>\n<meta property=\"og:title\" content=\"Objectifs et valeurs - \u0152uvre Saint Benoit\" \/>\n<meta property=\"og:description\" content=\"NOS IDEES-UN ENGAGEMENT-DU TRAVAIL Objectifs et valeurs Nos Objectifs Notre objectif principal \u00e9tant de produire un nouveau type d\u2019homme impr\u00e9gn\u00e9 des valeurs humaines et r\u00e9publicaines en vue de contribuer \u00e0 l\u2019\u00e9mergence d\u2019un nouvel ordre de la soci\u00e9t\u00e9. Nos objectifs sp\u00e9cifiques : Motiver les villageois afin qu\u2019ils se remettent que travail r\u00e9gulier et motivateur; La pluie [&hellip;]\" \/>\n<meta property=\"og:url\" content=\"https:\/\/www.saintbenoit-mayombe.org\/index.php\/nos-objectifs\/objectifs-et-valeurs\/\" \/>\n<meta property=\"og:site_name\" content=\"\u0152uvre Saint Benoit\" \/>\n<meta property=\"article:modified_time\" content=\"2025-10-20T13:27:32+00:00\" \/>\n<meta name=\"twitter:card\" content=\"summary_large_image\" \/>\n<meta name=\"twitter:label1\" content=\"Dur\u00e9e de lecture estim\u00e9e\" \/>\n\t<meta name=\"twitter:data1\" content=\"1 minute\" \/>\n<script type=\"application\/ld+json\" class=\"yoast-schema-graph\">{\"@context\":\"https:\/\/schema.org\",\"@graph\":[{\"@type\":\"WebSite\",\"@id\":\"https:\/\/www.saintbenoit-mayombe.org\/#website\",\"url\":\"https:\/\/www.saintbenoit-mayombe.org\/\",\"name\":\"\\u0152uvre Saint Benoit\",\"description\":\"Pour le d\\u00e9veloppement de tout l&#039;homme\",\"potentialAction\":[{\"@type\":\"SearchAction\",\"target\":{\"@type\":\"EntryPoint\",\"urlTemplate\":\"https:\/\/www.saintbenoit-mayombe.org\/?s={search_term_string}\"},\"query-input\":\"required name=search_term_string\"}],\"inLanguage\":\"fr-FR\"},{\"@type\":\"WebPage\",\"@id\":\"https:\/\/www.saintbenoit-mayombe.org\/index.php\/nos-objectifs\/objectifs-et-valeurs\/#webpage\",\"url\":\"https:\/\/www.saintbenoit-mayombe.org\/index.php\/nos-objectifs\/objectifs-et-valeurs\/\",\"name\":\"Objectifs et valeurs - \\u0152uvre Saint Benoit\",\"isPartOf\":{\"@id\":\"https:\/\/www.saintbenoit-mayombe.org\/#website\"},\"datePublished\":\"2021-04-02T14:01:20+00:00\",\"dateModified\":\"2025-10-20T13:27:32+00:00\",\"breadcrumb\":{\"@id\":\"https:\/\/www.saintbenoit-mayombe.org\/index.php\/nos-objectifs\/objectifs-et-valeurs\/#breadcrumb\"},\"inLanguage\":\"fr-FR\",\"potentialAction\":[{\"@type\":\"ReadAction\",\"target\":[\"https:\/\/www.saintbenoit-mayombe.org\/index.php\/nos-objectifs\/objectifs-et-valeurs\/\"]}]},{\"@type\":\"BreadcrumbList\",\"@id\":\"https:\/\/www.saintbenoit-mayombe.org\/index.php\/nos-objectifs\/objectifs-et-valeurs\/#breadcrumb\",\"itemListElement\":[{\"@type\":\"ListItem\",\"position\":1,\"name\":\"Home\",\"item\":\"https:\/\/www.saintbenoit-mayombe.org\/\"},{\"@type\":\"ListItem\",\"position\":2,\"name\":\"A propos\",\"item\":\"https:\/\/www.saintbenoit-mayombe.org\/index.php\/nos-objectifs\/\"},{\"@type\":\"ListItem\",\"position\":3,\"name\":\"Objectifs et valeurs\"}]}]}<\/script>\n<!-- \/ Yoast SEO plugin. -->","yoast_head_json":{"title":"Objectifs et valeurs - \u0152uvre Saint Benoit","robots":{"index":"noindex","follow":"follow","max-snippet":"max-snippet:-1","max-image-preview":"max-image-preview:large","max-video-preview":"max-video-preview:-1"},"og_locale":"fr_FR","og_type":"article","og_title":"Objectifs et valeurs - \u0152uvre Saint Benoit","og_description":"NOS IDEES-UN ENGAGEMENT-DU TRAVAIL Objectifs et valeurs Nos Objectifs Notre objectif principal \u00e9tant de produire un nouveau type d\u2019homme impr\u00e9gn\u00e9 des valeurs humaines et r\u00e9publicaines en vue de contribuer \u00e0 l\u2019\u00e9mergence d\u2019un nouvel ordre de la soci\u00e9t\u00e9. Nos objectifs sp\u00e9cifiques : Motiver les villageois afin qu\u2019ils se remettent que travail r\u00e9gulier et motivateur; La pluie [&hellip;]","og_url":"https:\/\/www.saintbenoit-mayombe.org\/index.php\/nos-objectifs\/objectifs-et-valeurs\/","og_site_name":"\u0152uvre Saint Benoit","article_modified_time":"2025-10-20T13:27:32+00:00","twitter_card":"summary_large_image","twitter_misc":{"Dur\u00e9e de lecture estim\u00e9e":"1 minute"},"schema":{"@context":"https:\/\/schema.org","@graph":[{"@type":"WebSite","@id":"https:\/\/www.saintbenoit-mayombe.org\/#website","url":"https:\/\/www.saintbenoit-mayombe.org\/","name":"\u0152uvre Saint Benoit","description":"Pour le d\u00e9veloppement de tout l&#039;homme","potentialAction":[{"@type":"SearchAction","target":{"@type":"EntryPoint","urlTemplate":"https:\/\/www.saintbenoit-mayombe.org\/?s={search_term_string}"},"query-input":"required name=search_term_string"}],"inLanguage":"fr-FR"},{"@type":"WebPage","@id":"https:\/\/www.saintbenoit-mayombe.org\/index.php\/nos-objectifs\/objectifs-et-valeurs\/#webpage","url":"https:\/\/www.saintbenoit-mayombe.org\/index.php\/nos-objectifs\/objectifs-et-valeurs\/","name":"Objectifs et valeurs - \u0152uvre Saint Benoit","isPartOf":{"@id":"https:\/\/www.saintbenoit-mayombe.org\/#website"},"datePublished":"2021-04-02T14:01:20+00:00","dateModified":"2025-10-20T13:27:32+00:00","breadcrumb":{"@id":"https:\/\/www.saintbenoit-mayombe.org\/index.php\/nos-objectifs\/objectifs-et-valeurs\/#breadcrumb"},"inLanguage":"fr-FR","potentialAction":[{"@type":"ReadAction","target":["https:\/\/www.saintbenoit-mayombe.org\/index.php\/nos-objectifs\/objectifs-et-valeurs\/"]}]},{"@type":"BreadcrumbList","@id":"https:\/\/www.saintbenoit-mayombe.org\/index.php\/nos-objectifs\/objectifs-et-valeurs\/#breadcrumb","itemListElement":[{"@type":"ListItem","position":1,"name":"Home","item":"https:\/\/www.saintbenoit-mayombe.org\/"},{"@type":"ListItem","position":2,"name":"A propos","item":"https:\/\/www.saintbenoit-mayombe.org\/index.php\/nos-objectifs\/"},{"@type":"ListItem","position":3,"name":"Objectifs et valeurs"}]}]}},"_links":{"self":[{"href":"https:\/\/www.saintbenoit-mayombe.org\/index.php\/wp-json\/wp\/v2\/pages\/413"}],"collection":[{"href":"https:\/\/www.saintbenoit-mayombe.org\/index.php\/wp-json\/wp\/v2\/pages"}],"about":[{"href":"https:\/\/www.saintbenoit-mayombe.org\/index.php\/wp-json\/wp\/v2\/types\/page"}],"author":[{"embeddable":true,"href":"https:\/\/www.saintbenoit-mayombe.org\/index.php\/wp-json\/wp\/v2\/users\/1"}],"replies":[{"embeddable":true,"href":"https:\/\/www.saintbenoit-mayombe.org\/index.php\/wp-json\/wp\/v2\/comments?post=413"}],"version-history":[{"count":2,"href":"https:\/\/www.saintbenoit-mayombe.org\/index.php\/wp-json\/wp\/v2\/pages\/413\/revisions"}],"predecessor-version":[{"id":943,"href":"https:\/\/www.saintbenoit-mayombe.org\/index.php\/wp-json\/wp\/v2\/pages\/413\/revisions\/943"}],"up":[{"embeddable":true,"href":"https:\/\/www.saintbenoit-mayombe.org\/index.php\/wp-json\/wp\/v2\/pages\/9"}],"wp:attachment":[{"href":"https:\/\/www.saintbenoit-mayombe.org\/index.php\/wp-json\/wp\/v2\/media?parent=413"}],"curies":[{"name":"wp","href":"https:\/\/api.w.org\/{rel}","templated":true}]}}