{"id":8,"date":"2020-12-16T10:22:46","date_gmt":"2020-12-16T10:22:46","guid":{"rendered":"https:\/\/www.csb-osb.org\/index.php\/home\/"},"modified":"2021-03-10T12:39:27","modified_gmt":"2021-03-10T12:39:27","slug":"accueil","status":"publish","type":"page","link":"https:\/\/www.saintbenoit-mayombe.org\/","title":{"rendered":"Accueil"},"content":{"rendered":"\n<p>Il n&rsquo;y a pas de d\u00e9veloppement qui ne passe par l&rsquo;\u00e9ducation et l&rsquo;instruction. Pas non plus de d\u00e9veloppement responsable qui ne puisse mettre l&rsquo;homme au centre.<\/p>\n\n\n\n<p>C&rsquo;est ce souci qui r\u00e9unit en ce jour des hommes et des femmes de bonne volont\u00e9 autour de l&rsquo;\u0153uvre (conf\u00e9rence) Saint Benoit, <strong>OSB<\/strong>, en sigle. C&rsquo;est une ASBL a vocation philanthropique. Elle se penche essentiellement sur l&rsquo;homme en tant que acteur de son propre d\u00e9veloppement en s&rsquo;inspirant de Saint Benoit dans sa r\u00e8gle \u00ab\u00a0ORA ET LABORA\u00a0\u00bb et de Saint Vincent de Paul, l&rsquo;ap\u00f4tre des personnes vuln\u00e9rables.<\/p>\n\n\n\n<p>Notre objectif \u00e9tant de produire un nouveau type d&rsquo;homme imbus des valeurs humaines et r\u00e9publicaines en vue de l&rsquo;\u00e9mergence d&rsquo;un nouvel ordre de la soci\u00e9t\u00e9, notre m\u00e9thode est la suivante:<\/p>\n\n\n\n<p>En amont, il s&rsquo;agira d&rsquo;\u00e9duquer, d&rsquo;instruire, de former, d&rsquo;informer l&rsquo;homme de tout \u00e2ge, de tout sexe et de toute condition.<\/p>\n\n\n\n<p>En aval, nous cherchons a apporter l&rsquo;appui multiforme n\u00e9cessaire a la promotion, au renforcement des capacit\u00e9s, \u00e0 la dynamisation et \u00e0 l&rsquo;accompagnement des personnes et structures form\u00e9es .<\/p>\n","protected":false},"excerpt":{"rendered":"<p>Il n&rsquo;y a pas de d\u00e9veloppement qui ne passe par l&rsquo;\u00e9ducation et l&rsquo;instruction. Pas non plus de d\u00e9veloppement responsable qui ne puisse mettre l&rsquo;homme au centre. C&rsquo;est ce souci qui r\u00e9unit en ce jour des hommes et des femmes de bonne volont\u00e9 autour de l&rsquo;\u0153uvre (conf\u00e9rence) Saint Benoit, OSB, en sigle. C&rsquo;est une ASBL a [&hellip;]<\/p>\n","protected":false},"author":1,"featured_media":0,"parent":0,"menu_order":0,"comment_status":"closed","ping_status":"closed","template":"template-frontpage.php","meta":[],"yoast_head":"<!-- This site is optimized with the Yoast SEO plugin v17.8 - https:\/\/yoast.com\/wordpress\/plugins\/seo\/ -->\n<title>Accueil - \u0152uvre Saint Benoit<\/title>\n<meta name=\"robots\" content=\"noindex, follow, max-snippet:-1, max-image-preview:large, max-video-preview:-1\" \/>\n<meta property=\"og:locale\" content=\"fr_FR\" \/>\n<meta property=\"og:type\" content=\"article\" \/>\n<meta property=\"og:title\" content=\"Accueil - \u0152uvre Saint Benoit\" \/>\n<meta property=\"og:description\" content=\"Il n&rsquo;y a pas de d\u00e9veloppement qui ne passe par l&rsquo;\u00e9ducation et l&rsquo;instruction. Pas non plus de d\u00e9veloppement responsable qui ne puisse mettre l&rsquo;homme au centre. C&rsquo;est ce souci qui r\u00e9unit en ce jour des hommes et des femmes de bonne volont\u00e9 autour de l&rsquo;\u0153uvre (conf\u00e9rence) Saint Benoit, OSB, en sigle. C&rsquo;est une ASBL a [&hellip;]\" \/>\n<meta property=\"og:url\" content=\"https:\/\/www.saintbenoit-mayombe.org\/\" \/>\n<meta property=\"og:site_name\" content=\"\u0152uvre Saint Benoit\" \/>\n<meta property=\"article:modified_time\" content=\"2021-03-10T12:39:27+00:00\" \/>\n<meta name=\"twitter:card\" content=\"summary_large_image\" \/>\n<meta name=\"twitter:label1\" content=\"Dur\u00e9e de lecture estim\u00e9e\" \/>\n\t<meta name=\"twitter:data1\" content=\"1 minute\" \/>\n<script type=\"application\/ld+json\" class=\"yoast-schema-graph\">{\"@context\":\"https:\/\/schema.org\",\"@graph\":[{\"@type\":\"WebSite\",\"@id\":\"https:\/\/www.saintbenoit-mayombe.org\/#website\",\"url\":\"https:\/\/www.saintbenoit-mayombe.org\/\",\"name\":\"\\u0152uvre Saint Benoit\",\"description\":\"Pour le d\\u00e9veloppement de tout l&#039;homme\",\"potentialAction\":[{\"@type\":\"SearchAction\",\"target\":{\"@type\":\"EntryPoint\",\"urlTemplate\":\"https:\/\/www.saintbenoit-mayombe.org\/?s={search_term_string}\"},\"query-input\":\"required name=search_term_string\"}],\"inLanguage\":\"fr-FR\"},{\"@type\":\"WebPage\",\"@id\":\"https:\/\/www.saintbenoit-mayombe.org\/#webpage\",\"url\":\"https:\/\/www.saintbenoit-mayombe.org\/\",\"name\":\"Accueil - \\u0152uvre Saint Benoit\",\"isPartOf\":{\"@id\":\"https:\/\/www.saintbenoit-mayombe.org\/#website\"},\"datePublished\":\"2020-12-16T10:22:46+00:00\",\"dateModified\":\"2021-03-10T12:39:27+00:00\",\"breadcrumb\":{\"@id\":\"https:\/\/www.saintbenoit-mayombe.org\/#breadcrumb\"},\"inLanguage\":\"fr-FR\",\"potentialAction\":[{\"@type\":\"ReadAction\",\"target\":[\"https:\/\/www.saintbenoit-mayombe.org\/\"]}]},{\"@type\":\"BreadcrumbList\",\"@id\":\"https:\/\/www.saintbenoit-mayombe.org\/#breadcrumb\",\"itemListElement\":[{\"@type\":\"ListItem\",\"position\":1,\"name\":\"Home\",\"item\":\"https:\/\/www.saintbenoit-mayombe.org\/\"},{\"@type\":\"ListItem\",\"position\":2,\"name\":\"Accueil\"}]}]}<\/script>\n<!-- \/ Yoast SEO plugin. -->","yoast_head_json":{"title":"Accueil - \u0152uvre Saint Benoit","robots":{"index":"noindex","follow":"follow","max-snippet":"max-snippet:-1","max-image-preview":"max-image-preview:large","max-video-preview":"max-video-preview:-1"},"og_locale":"fr_FR","og_type":"article","og_title":"Accueil - \u0152uvre Saint Benoit","og_description":"Il n&rsquo;y a pas de d\u00e9veloppement qui ne passe par l&rsquo;\u00e9ducation et l&rsquo;instruction. Pas non plus de d\u00e9veloppement responsable qui ne puisse mettre l&rsquo;homme au centre. C&rsquo;est ce souci qui r\u00e9unit en ce jour des hommes et des femmes de bonne volont\u00e9 autour de l&rsquo;\u0153uvre (conf\u00e9rence) Saint Benoit, OSB, en sigle. C&rsquo;est une ASBL a [&hellip;]","og_url":"https:\/\/www.saintbenoit-mayombe.org\/","og_site_name":"\u0152uvre Saint Benoit","article_modified_time":"2021-03-10T12:39:27+00:00","twitter_card":"summary_large_image","twitter_misc":{"Dur\u00e9e de lecture estim\u00e9e":"1 minute"},"schema":{"@context":"https:\/\/schema.org","@graph":[{"@type":"WebSite","@id":"https:\/\/www.saintbenoit-mayombe.org\/#website","url":"https:\/\/www.saintbenoit-mayombe.org\/","name":"\u0152uvre Saint Benoit","description":"Pour le d\u00e9veloppement de tout l&#039;homme","potentialAction":[{"@type":"SearchAction","target":{"@type":"EntryPoint","urlTemplate":"https:\/\/www.saintbenoit-mayombe.org\/?s={search_term_string}"},"query-input":"required name=search_term_string"}],"inLanguage":"fr-FR"},{"@type":"WebPage","@id":"https:\/\/www.saintbenoit-mayombe.org\/#webpage","url":"https:\/\/www.saintbenoit-mayombe.org\/","name":"Accueil - \u0152uvre Saint Benoit","isPartOf":{"@id":"https:\/\/www.saintbenoit-mayombe.org\/#website"},"datePublished":"2020-12-16T10:22:46+00:00","dateModified":"2021-03-10T12:39:27+00:00","breadcrumb":{"@id":"https:\/\/www.saintbenoit-mayombe.org\/#breadcrumb"},"inLanguage":"fr-FR","potentialAction":[{"@type":"ReadAction","target":["https:\/\/www.saintbenoit-mayombe.org\/"]}]},{"@type":"BreadcrumbList","@id":"https:\/\/www.saintbenoit-mayombe.org\/#breadcrumb","itemListElement":[{"@type":"ListItem","position":1,"name":"Home","item":"https:\/\/www.saintbenoit-mayombe.org\/"},{"@type":"ListItem","position":2,"name":"Accueil"}]}]}},"_links":{"self":[{"href":"https:\/\/www.saintbenoit-mayombe.org\/index.php\/wp-json\/wp\/v2\/pages\/8"}],"collection":[{"href":"https:\/\/www.saintbenoit-mayombe.org\/index.php\/wp-json\/wp\/v2\/pages"}],"about":[{"href":"https:\/\/www.saintbenoit-mayombe.org\/index.php\/wp-json\/wp\/v2\/types\/page"}],"author":[{"embeddable":true,"href":"https:\/\/www.saintbenoit-mayombe.org\/index.php\/wp-json\/wp\/v2\/users\/1"}],"replies":[{"embeddable":true,"href":"https:\/\/www.saintbenoit-mayombe.org\/index.php\/wp-json\/wp\/v2\/comments?post=8"}],"version-history":[{"count":5,"href":"https:\/\/www.saintbenoit-mayombe.org\/index.php\/wp-json\/wp\/v2\/pages\/8\/revisions"}],"predecessor-version":[{"id":216,"href":"https:\/\/www.saintbenoit-mayombe.org\/index.php\/wp-json\/wp\/v2\/pages\/8\/revisions\/216"}],"wp:attachment":[{"href":"https:\/\/www.saintbenoit-mayombe.org\/index.php\/wp-json\/wp\/v2\/media?parent=8"}],"curies":[{"name":"wp","href":"https:\/\/api.w.org\/{rel}","templated":true}]}}