{"id":922,"date":"2025-10-01T08:57:36","date_gmt":"2025-10-01T08:57:36","guid":{"rendered":"https:\/\/www.saintbenoit-mayombe.org\/?page_id=922"},"modified":"2025-10-01T09:21:02","modified_gmt":"2025-10-01T09:21:02","slug":"pisciculture","status":"publish","type":"page","link":"https:\/\/www.saintbenoit-mayombe.org\/index.php\/pisciculture\/","title":{"rendered":"PISCICULTURE"},"content":{"rendered":"\n<p>L&rsquo;OSB proc\u00e8de en ces jours au lancement des travaux de cr\u00e9ation de deux \u00e9tangs. Ces derniers sont en plein travaux de r\u00e9habilitation. Dans un temps court, ils seront bient\u00f4t exploitables.<\/p>\n","protected":false},"excerpt":{"rendered":"<p>L&rsquo;OSB proc\u00e8de en ces jours au lancement des travaux de cr\u00e9ation de deux \u00e9tangs. Ces derniers sont en plein travaux de r\u00e9habilitation. Dans un temps court, ils seront bient\u00f4t exploitables.<\/p>\n","protected":false},"author":1,"featured_media":0,"parent":0,"menu_order":0,"comment_status":"closed","ping_status":"closed","template":"","meta":[],"yoast_head":"<!-- This site is optimized with the Yoast SEO plugin v17.8 - https:\/\/yoast.com\/wordpress\/plugins\/seo\/ -->\n<title>PISCICULTURE - \u0152uvre Saint Benoit<\/title>\n<meta name=\"robots\" content=\"noindex, follow, max-snippet:-1, max-image-preview:large, max-video-preview:-1\" \/>\n<meta property=\"og:locale\" content=\"fr_FR\" \/>\n<meta property=\"og:type\" content=\"article\" \/>\n<meta property=\"og:title\" content=\"PISCICULTURE - \u0152uvre Saint Benoit\" \/>\n<meta property=\"og:description\" content=\"L&rsquo;OSB proc\u00e8de en ces jours au lancement des travaux de cr\u00e9ation de deux \u00e9tangs. Ces derniers sont en plein travaux de r\u00e9habilitation. Dans un temps court, ils seront bient\u00f4t exploitables.\" \/>\n<meta property=\"og:url\" content=\"https:\/\/www.saintbenoit-mayombe.org\/index.php\/pisciculture\/\" \/>\n<meta property=\"og:site_name\" content=\"\u0152uvre Saint Benoit\" \/>\n<meta property=\"article:modified_time\" content=\"2025-10-01T09:21:02+00:00\" \/>\n<meta name=\"twitter:card\" content=\"summary_large_image\" \/>\n<meta name=\"twitter:label1\" content=\"Dur\u00e9e de lecture estim\u00e9e\" \/>\n\t<meta name=\"twitter:data1\" content=\"1 minute\" \/>\n<script type=\"application\/ld+json\" class=\"yoast-schema-graph\">{\"@context\":\"https:\/\/schema.org\",\"@graph\":[{\"@type\":\"WebSite\",\"@id\":\"https:\/\/www.saintbenoit-mayombe.org\/#website\",\"url\":\"https:\/\/www.saintbenoit-mayombe.org\/\",\"name\":\"\\u0152uvre Saint Benoit\",\"description\":\"Pour le d\\u00e9veloppement de tout l&#039;homme\",\"potentialAction\":[{\"@type\":\"SearchAction\",\"target\":{\"@type\":\"EntryPoint\",\"urlTemplate\":\"https:\/\/www.saintbenoit-mayombe.org\/?s={search_term_string}\"},\"query-input\":\"required name=search_term_string\"}],\"inLanguage\":\"fr-FR\"},{\"@type\":\"WebPage\",\"@id\":\"https:\/\/www.saintbenoit-mayombe.org\/index.php\/pisciculture\/#webpage\",\"url\":\"https:\/\/www.saintbenoit-mayombe.org\/index.php\/pisciculture\/\",\"name\":\"PISCICULTURE - \\u0152uvre Saint Benoit\",\"isPartOf\":{\"@id\":\"https:\/\/www.saintbenoit-mayombe.org\/#website\"},\"datePublished\":\"2025-10-01T08:57:36+00:00\",\"dateModified\":\"2025-10-01T09:21:02+00:00\",\"breadcrumb\":{\"@id\":\"https:\/\/www.saintbenoit-mayombe.org\/index.php\/pisciculture\/#breadcrumb\"},\"inLanguage\":\"fr-FR\",\"potentialAction\":[{\"@type\":\"ReadAction\",\"target\":[\"https:\/\/www.saintbenoit-mayombe.org\/index.php\/pisciculture\/\"]}]},{\"@type\":\"BreadcrumbList\",\"@id\":\"https:\/\/www.saintbenoit-mayombe.org\/index.php\/pisciculture\/#breadcrumb\",\"itemListElement\":[{\"@type\":\"ListItem\",\"position\":1,\"name\":\"Home\",\"item\":\"https:\/\/www.saintbenoit-mayombe.org\/\"},{\"@type\":\"ListItem\",\"position\":2,\"name\":\"PISCICULTURE\"}]}]}<\/script>\n<!-- \/ Yoast SEO plugin. -->","yoast_head_json":{"title":"PISCICULTURE - \u0152uvre Saint Benoit","robots":{"index":"noindex","follow":"follow","max-snippet":"max-snippet:-1","max-image-preview":"max-image-preview:large","max-video-preview":"max-video-preview:-1"},"og_locale":"fr_FR","og_type":"article","og_title":"PISCICULTURE - \u0152uvre Saint Benoit","og_description":"L&rsquo;OSB proc\u00e8de en ces jours au lancement des travaux de cr\u00e9ation de deux \u00e9tangs. Ces derniers sont en plein travaux de r\u00e9habilitation. Dans un temps court, ils seront bient\u00f4t exploitables.","og_url":"https:\/\/www.saintbenoit-mayombe.org\/index.php\/pisciculture\/","og_site_name":"\u0152uvre Saint Benoit","article_modified_time":"2025-10-01T09:21:02+00:00","twitter_card":"summary_large_image","twitter_misc":{"Dur\u00e9e de lecture estim\u00e9e":"1 minute"},"schema":{"@context":"https:\/\/schema.org","@graph":[{"@type":"WebSite","@id":"https:\/\/www.saintbenoit-mayombe.org\/#website","url":"https:\/\/www.saintbenoit-mayombe.org\/","name":"\u0152uvre Saint Benoit","description":"Pour le d\u00e9veloppement de tout l&#039;homme","potentialAction":[{"@type":"SearchAction","target":{"@type":"EntryPoint","urlTemplate":"https:\/\/www.saintbenoit-mayombe.org\/?s={search_term_string}"},"query-input":"required name=search_term_string"}],"inLanguage":"fr-FR"},{"@type":"WebPage","@id":"https:\/\/www.saintbenoit-mayombe.org\/index.php\/pisciculture\/#webpage","url":"https:\/\/www.saintbenoit-mayombe.org\/index.php\/pisciculture\/","name":"PISCICULTURE - \u0152uvre Saint Benoit","isPartOf":{"@id":"https:\/\/www.saintbenoit-mayombe.org\/#website"},"datePublished":"2025-10-01T08:57:36+00:00","dateModified":"2025-10-01T09:21:02+00:00","breadcrumb":{"@id":"https:\/\/www.saintbenoit-mayombe.org\/index.php\/pisciculture\/#breadcrumb"},"inLanguage":"fr-FR","potentialAction":[{"@type":"ReadAction","target":["https:\/\/www.saintbenoit-mayombe.org\/index.php\/pisciculture\/"]}]},{"@type":"BreadcrumbList","@id":"https:\/\/www.saintbenoit-mayombe.org\/index.php\/pisciculture\/#breadcrumb","itemListElement":[{"@type":"ListItem","position":1,"name":"Home","item":"https:\/\/www.saintbenoit-mayombe.org\/"},{"@type":"ListItem","position":2,"name":"PISCICULTURE"}]}]}},"_links":{"self":[{"href":"https:\/\/www.saintbenoit-mayombe.org\/index.php\/wp-json\/wp\/v2\/pages\/922"}],"collection":[{"href":"https:\/\/www.saintbenoit-mayombe.org\/index.php\/wp-json\/wp\/v2\/pages"}],"about":[{"href":"https:\/\/www.saintbenoit-mayombe.org\/index.php\/wp-json\/wp\/v2\/types\/page"}],"author":[{"embeddable":true,"href":"https:\/\/www.saintbenoit-mayombe.org\/index.php\/wp-json\/wp\/v2\/users\/1"}],"replies":[{"embeddable":true,"href":"https:\/\/www.saintbenoit-mayombe.org\/index.php\/wp-json\/wp\/v2\/comments?post=922"}],"version-history":[{"count":2,"href":"https:\/\/www.saintbenoit-mayombe.org\/index.php\/wp-json\/wp\/v2\/pages\/922\/revisions"}],"predecessor-version":[{"id":929,"href":"https:\/\/www.saintbenoit-mayombe.org\/index.php\/wp-json\/wp\/v2\/pages\/922\/revisions\/929"}],"wp:attachment":[{"href":"https:\/\/www.saintbenoit-mayombe.org\/index.php\/wp-json\/wp\/v2\/media?parent=922"}],"curies":[{"name":"wp","href":"https:\/\/api.w.org\/{rel}","templated":true}]}}